{"id":349,"date":"2018-02-17T17:58:57","date_gmt":"2018-02-17T17:58:57","guid":{"rendered":"http:\/\/9430lacordaire.ca\/?page_id=349"},"modified":"2019-01-07T19:03:33","modified_gmt":"2019-01-07T19:03:33","slug":"the-location-rent","status":"publish","type":"page","link":"http:\/\/9430lacordaire.ca\/index.php\/en\/the-location-rent\/","title":{"rendered":"The location"},"content":{"rendered":"<h1 id=\"tw-target-text\" class=\"tw-data-text tw-ta tw-text-medium\" dir=\"ltr\" data-placeholder=\"Traduction\"><span lang=\"en\">A space to rent where it is good to live there.<\/span><\/h1>\n<p>Inside the building you will find a daycare for your children and an IGA grocery store.<\/p>\n<h3 id=\"tw-target-text\" class=\"tw-data-text tw-ta tw-text-medium\" dir=\"ltr\" data-placeholder=\"Traduction\"><span lang=\"en\">NEAR<\/span><\/h3>\n<ul>\n<li>\n<p id=\"tw-target-text\" class=\"tw-data-text tw-ta tw-text-small\" dir=\"ltr\" data-placeholder=\"Traduction\"><span lang=\"en\">All services well represented in the immediate area: food and beverages, hairdressers, women&rsquo;s and men&rsquo;s fashions, extra services, gym. <\/span><\/p>\n<\/li>\n<li>\n<p id=\"tw-target-text\" class=\"tw-data-text tw-ta tw-text-small\" dir=\"ltr\" data-placeholder=\"Traduction\"><span lang=\"en\">The train network with the Gare de Saint-Leonard at the door. <\/span><\/p>\n<\/li>\n<li>\n<p id=\"tw-target-text\" class=\"tw-data-text tw-ta tw-text-small\" dir=\"ltr\" data-placeholder=\"Traduction\"><span lang=\"en\">Access to some street corners at highways 25 and 40.<\/span><\/p>\n<\/li>\n<\/ul>\n<h1 id=\"tw-target-text\" class=\"tw-data-text tw-ta tw-text-medium\" dir=\"ltr\" data-placeholder=\"Traduction\"><span lang=\"en\">Saint-Leonard Station &#8211; Montreal &#8211; North<\/span><\/h1>\n<p><iframe style=\"border: 0;\" src=\"https:\/\/www.google.com\/maps\/embed?pb=!1m18!1m12!1m3!1d2791.554745041456!2d-73.61477708443796!3d45.599494879102856!2m3!1f0!2f0!3f0!3m2!1i1024!2i768!4f13.1!3m3!1m2!1s0x4cc91fa7feab8d1f%3A0x728f49e6924335fe!2sgare+Saint-L%C3%A9onard+-+Montr%C3%A9al-Nord!5e0!3m2!1sfr!2sca!4v1513183409216\" width=\"1024\" height=\"200\" frameborder=\"0\" allowfullscreen=\"allowfullscreen\"><\/iframe><\/p>\n<p id=\"tw-target-text\" class=\"tw-data-text tw-ta tw-text-small\" dir=\"ltr\" data-placeholder=\"Traduction\"><span lang=\"en\">The Saint-L\u00e9onard-Montr\u00e9al-Nord station is a station of the Metropolitan Transportation Network located between the Montreal-North and Saint-L\u00e9onard boroughs in Montreal.<\/span><\/p>\n<p><a href=\"http:\/\/www.viarail.ca\/fr\/saint-leonard-montreal-nord-rtm\" target=\"_blank\" rel=\"noopener\">www.viarail.ca<\/a><\/p>\n<hr \/>\n<h1>Uniprix St\u00e9phane Morin &#8211; Pharmacie affili\u00e9e<\/h1>\n<p><iframe src=\"https:\/\/www.google.com\/maps\/embed?pb=!1m18!1m12!1m3!1d2791.6575611399417!2d-73.61125108443817!3d45.597428279102715!2m3!1f0!2f0!3f0!3m2!1i1024!2i768!4f13.1!3m3!1m2!1s0x4cc91f00c4943947%3A0x5c230ccc88d544b2!2s9235+Boulevard+Lacordaire%2C+Saint-L%C3%A9onard%2C+QC+H1R+2B6!5e0!3m2!1sfr!2sca!4v1546887841182\" width=\"1024\" height=\"200\" frameborder=\"0\" allowfullscreen=\"allowfullscreen\" data-mce-fragment=\"1\"><\/iframe><\/p>\n<p class=\"p1\">Pharmacy within walking distance of your home.<\/p>\n<p><a href=\"https:\/\/www.uniprix.com\/fr\/succursales\/9-morin-stephane-montreal?utm_source=Google&amp;utm_medium=maps&amp;utm_campaign=DAC_LPM\" target=\"_blank\" rel=\"noopener\">www.uniprix.com<\/a><\/p>\n<hr \/>\n<h1>Guzzo Cinema<\/h1>\n<p><iframe style=\"border: 0;\" src=\"https:\/\/www.google.com\/maps\/embed?pb=!1m18!1m12!1m3!1d2791.5424204678206!2d-73.61324286088147!3d45.59974259770435!2m3!1f0!2f0!3f0!3m2!1i1024!2i768!4f13.1!3m3!1m2!1s0x4cc91fa9bf72ca0b%3A0x9812aab4754da1ff!2sCin%C3%A9ma+Guzzo+-+Montr%C3%A9al!5e0!3m2!1sfr!2sca!4v1513183738543\" width=\"1024\" height=\"200\" frameborder=\"0\" allowfullscreen=\"allowfullscreen\"><\/iframe><\/p>\n<p id=\"tw-target-text\" class=\"tw-data-text tw-ta tw-text-small\" dir=\"ltr\" data-placeholder=\"Traduction\"><span lang=\"en\">Guzzo Cinemas offers you to watch all movie trailers and movie trailers that will soon be showing in our movie theaters.<\/span><\/p>\n<p><a href=\"http:\/\/www.cinemasguzzo.com\/6-tarifs-Mega-Plex_Lacordaire_16.html\" target=\"_blank\" rel=\"noopener\">www.cinemasguzzo.com<\/a><\/p>\n<hr \/>\n<h1 id=\"tw-target-text\" class=\"tw-data-text tw-ta tw-text-medium\" dir=\"ltr\" data-placeholder=\"Traduction\"><span lang=\"en\">BMO Bank of Montreal<\/span><\/h1>\n<p><iframe style=\"border: 0;\" src=\"https:\/\/www.google.com\/maps\/embed?pb=!1m18!1m12!1m3!1d2791.543914355402!2d-73.61435865983167!3d45.59971257126558!2m3!1f0!2f0!3f0!3m2!1i1024!2i768!4f13.1!3m3!1m2!1s0x4cc91f07645c6fd3%3A0x2f2c8f3971ec3487!2sBMO+Banque+de+Montr%C3%A9al!5e0!3m2!1sfr!2sca!4v1513183882289\" width=\"1024\" height=\"200\" frameborder=\"0\" allowfullscreen=\"allowfullscreen\"><\/iframe><\/p>\n<p id=\"tw-target-text\" class=\"tw-data-text tw-ta tw-text-small\" dir=\"ltr\" data-placeholder=\"Traduction\"><span lang=\"en\">Helping you achieve your financial goals in the immediate and long term is our priority. <\/span><\/p>\n<p class=\"tw-data-text tw-ta tw-text-small\" dir=\"ltr\" data-placeholder=\"Traduction\"><span lang=\"en\">Visit our website for more details at\u00a0<\/span><a href=\"https:\/\/www.bmo.com\/principal\/particuliers\" target=\"_blank\" rel=\"noopener\">www.bmo.com<\/a><\/p>\n<hr \/>\n<h1 id=\"tw-target-text\" class=\"tw-data-text tw-ta tw-text-medium\" dir=\"ltr\" data-placeholder=\"Traduction\"><span lang=\"en\">\u00c9conofitness Montreal-Saint-L\u00e9onard (Lacordaire)<\/span><\/h1>\n<p><iframe style=\"border: 0;\" src=\"https:\/\/www.google.com\/maps\/embed?pb=!1m18!1m12!1m3!1d2791.554745041397!2d-73.61559247597852!3d45.59949487910404!2m3!1f0!2f0!3f0!3m2!1i1024!2i768!4f13.1!3m3!1m2!1s0x4cc91fa83c685f41%3A0x46a1a61ed091af3c!2s%C3%89conofitness+Montr%C3%A9al-Saint-L%C3%A9onard+(Lacordaire)!5e0!3m2!1sfr!2sca!4v1513184532048\" width=\"1024\" height=\"200\" frameborder=\"0\" allowfullscreen=\"allowfullscreen\"><\/iframe><\/p>\n<p id=\"tw-target-text\" class=\"tw-data-text tw-ta tw-text-medium\" dir=\"ltr\" data-placeholder=\"Traduction\"><strong><span lang=\"en\">ANOTHER NEW CONCEPT OF GYM<\/span><\/strong><\/p>\n<p id=\"tw-target-text\" class=\"tw-data-text tw-ta tw-text-small\" dir=\"ltr\" data-placeholder=\"Traduction\"><span lang=\"en\">\u00c9conofitness is the largest network of self-service training centers in Quebec and offers affordable gyms to all.<\/span><\/p>\n<p><a href=\"http:\/\/www.econofitness.ca\/\" target=\"_blank\" rel=\"noopener\">www.econofitness.ca<\/a><\/p>\n<hr \/>\n","protected":false},"excerpt":{"rendered":"<p>A space to rent where it is good to live there. Inside the building you will find a daycare for [&hellip;]<\/p>\n","protected":false},"author":1,"featured_media":0,"parent":0,"menu_order":0,"comment_status":"closed","ping_status":"closed","template":"","meta":{"_exactmetrics_skip_tracking":false,"_exactmetrics_sitenote_active":false,"_exactmetrics_sitenote_note":"","_exactmetrics_sitenote_category":0,"site-sidebar-layout":"default","site-content-layout":"","ast-site-content-layout":"default","site-content-style":"default","site-sidebar-style":"default","ast-global-header-display":"","ast-banner-title-visibility":"","ast-main-header-display":"","ast-hfb-above-header-display":"","ast-hfb-below-header-display":"","ast-hfb-mobile-header-display":"","site-post-title":"","ast-breadcrumbs-content":"","ast-featured-img":"","footer-sml-layout":"","ast-disable-related-posts":"","theme-transparent-header-meta":"","adv-header-id-meta":"","stick-header-meta":"","header-above-stick-meta":"","header-main-stick-meta":"","header-below-stick-meta":"","astra-migrate-meta-layouts":"default","ast-page-background-enabled":"default","ast-page-background-meta":{"desktop":{"background-color":"var(--ast-global-color-4)","background-image":"","background-repeat":"repeat","background-position":"center center","background-size":"auto","background-attachment":"scroll","background-type":"","background-media":"","overlay-type":"","overlay-color":"","overlay-opacity":"","overlay-gradient":""},"tablet":{"background-color":"","background-image":"","background-repeat":"repeat","background-position":"center center","background-size":"auto","background-attachment":"scroll","background-type":"","background-media":"","overlay-type":"","overlay-color":"","overlay-opacity":"","overlay-gradient":""},"mobile":{"background-color":"","background-image":"","background-repeat":"repeat","background-position":"center center","background-size":"auto","background-attachment":"scroll","background-type":"","background-media":"","overlay-type":"","overlay-color":"","overlay-opacity":"","overlay-gradient":""}},"ast-content-background-meta":{"desktop":{"background-color":"var(--ast-global-color-5)","background-image":"","background-repeat":"repeat","background-position":"center center","background-size":"auto","background-attachment":"scroll","background-type":"","background-media":"","overlay-type":"","overlay-color":"","overlay-opacity":"","overlay-gradient":""},"tablet":{"background-color":"var(--ast-global-color-5)","background-image":"","background-repeat":"repeat","background-position":"center center","background-size":"auto","background-attachment":"scroll","background-type":"","background-media":"","overlay-type":"","overlay-color":"","overlay-opacity":"","overlay-gradient":""},"mobile":{"background-color":"var(--ast-global-color-5)","background-image":"","background-repeat":"repeat","background-position":"center center","background-size":"auto","background-attachment":"scroll","background-type":"","background-media":"","overlay-type":"","overlay-color":"","overlay-opacity":"","overlay-gradient":""}},"footnotes":""},"class_list":["post-349","page","type-page","status-publish","hentry"],"yoast_head":"<!-- This site is optimized with the Yoast SEO plugin v24.3 - https:\/\/yoast.com\/wordpress\/plugins\/seo\/ -->\n<title>Faubourg Lacordaire - apartments for rent in Saint-L\u00e9onard<\/title>\n<meta name=\"description\" content=\"9430 Lacordaire - apartments for rent, 3 1\/2, 4 1\/2, near the Gare de Saint-Leonard - Montreal - North, near the daycare, IGA, gym, location\" \/>\n<meta name=\"robots\" content=\"index, follow, max-snippet:-1, max-image-preview:large, max-video-preview:-1\" \/>\n<link rel=\"canonical\" href=\"http:\/\/9430lacordaire.ca\/index.php\/en\/the-location-rent\/\" \/>\n<meta property=\"og:locale\" content=\"fr_CA\" \/>\n<meta property=\"og:type\" content=\"article\" \/>\n<meta property=\"og:title\" content=\"Faubourg Lacordaire - apartments for rent in Saint-L\u00e9onard\" \/>\n<meta property=\"og:description\" content=\"9430 Lacordaire - apartments for rent, 3 1\/2, 4 1\/2, near the Gare de Saint-Leonard - Montreal - North, near the daycare, IGA, gym, location\" \/>\n<meta property=\"og:url\" content=\"http:\/\/9430lacordaire.ca\/index.php\/en\/the-location-rent\/\" \/>\n<meta property=\"og:site_name\" content=\"Faubourg Lacordaire\" \/>\n<meta property=\"article:publisher\" content=\"https:\/\/www.facebook.com\/immomarketing.inc\/\" \/>\n<meta property=\"article:modified_time\" content=\"2019-01-07T19:03:33+00:00\" \/>\n<meta name=\"twitter:card\" content=\"summary_large_image\" \/>\n<meta name=\"twitter:label1\" content=\"Estimation du temps de lecture\" \/>\n\t<meta name=\"twitter:data1\" content=\"1 minute\" \/>\n<script type=\"application\/ld+json\" class=\"yoast-schema-graph\">{\"@context\":\"https:\/\/schema.org\",\"@graph\":[{\"@type\":\"WebPage\",\"@id\":\"http:\/\/9430lacordaire.ca\/index.php\/en\/the-location-rent\/\",\"url\":\"http:\/\/9430lacordaire.ca\/index.php\/en\/the-location-rent\/\",\"name\":\"Faubourg Lacordaire - apartments for rent in Saint-L\u00e9onard\",\"isPartOf\":{\"@id\":\"http:\/\/9430lacordaire.ca\/#website\"},\"datePublished\":\"2018-02-17T17:58:57+00:00\",\"dateModified\":\"2019-01-07T19:03:33+00:00\",\"description\":\"9430 Lacordaire - apartments for rent, 3 1\/2, 4 1\/2, near the Gare de Saint-Leonard - Montreal - North, near the daycare, IGA, gym, location\",\"breadcrumb\":{\"@id\":\"http:\/\/9430lacordaire.ca\/index.php\/en\/the-location-rent\/#breadcrumb\"},\"inLanguage\":\"fr-CA\",\"potentialAction\":[{\"@type\":\"ReadAction\",\"target\":[\"http:\/\/9430lacordaire.ca\/index.php\/en\/the-location-rent\/\"]}]},{\"@type\":\"BreadcrumbList\",\"@id\":\"http:\/\/9430lacordaire.ca\/index.php\/en\/the-location-rent\/#breadcrumb\",\"itemListElement\":[{\"@type\":\"ListItem\",\"position\":1,\"name\":\"Accueil\",\"item\":\"http:\/\/9430lacordaire.ca\/\"},{\"@type\":\"ListItem\",\"position\":2,\"name\":\"The location\"}]},{\"@type\":\"WebSite\",\"@id\":\"http:\/\/9430lacordaire.ca\/#website\",\"url\":\"http:\/\/9430lacordaire.ca\/\",\"name\":\"Faubourg Lacordaire\",\"description\":\"Appartements \u00e0 louer \/ Apartments for rent\",\"publisher\":{\"@id\":\"http:\/\/9430lacordaire.ca\/#organization\"},\"potentialAction\":[{\"@type\":\"SearchAction\",\"target\":{\"@type\":\"EntryPoint\",\"urlTemplate\":\"http:\/\/9430lacordaire.ca\/?s={search_term_string}\"},\"query-input\":{\"@type\":\"PropertyValueSpecification\",\"valueRequired\":true,\"valueName\":\"search_term_string\"}}],\"inLanguage\":\"fr-CA\"},{\"@type\":\"Organization\",\"@id\":\"http:\/\/9430lacordaire.ca\/#organization\",\"name\":\"Faubourg Lacordaire\",\"url\":\"http:\/\/9430lacordaire.ca\/\",\"logo\":{\"@type\":\"ImageObject\",\"inLanguage\":\"fr-CA\",\"@id\":\"http:\/\/9430lacordaire.ca\/#\/schema\/logo\/image\/\",\"url\":\"https:\/\/9430lacordaire.ca\/wp-content\/uploads\/2017\/06\/cropped-cropped-cropped-cropped-cropped-logo_lacordaire.png\",\"contentUrl\":\"https:\/\/9430lacordaire.ca\/wp-content\/uploads\/2017\/06\/cropped-cropped-cropped-cropped-cropped-logo_lacordaire.png\",\"width\":150,\"height\":60,\"caption\":\"Faubourg Lacordaire\"},\"image\":{\"@id\":\"http:\/\/9430lacordaire.ca\/#\/schema\/logo\/image\/\"},\"sameAs\":[\"https:\/\/www.facebook.com\/immomarketing.inc\/\"]}]}<\/script>\n<!-- \/ Yoast SEO plugin. -->","yoast_head_json":{"title":"Faubourg Lacordaire - apartments for rent in Saint-L\u00e9onard","description":"9430 Lacordaire - apartments for rent, 3 1\/2, 4 1\/2, near the Gare de Saint-Leonard - Montreal - North, near the daycare, IGA, gym, location","robots":{"index":"index","follow":"follow","max-snippet":"max-snippet:-1","max-image-preview":"max-image-preview:large","max-video-preview":"max-video-preview:-1"},"canonical":"http:\/\/9430lacordaire.ca\/index.php\/en\/the-location-rent\/","og_locale":"fr_CA","og_type":"article","og_title":"Faubourg Lacordaire - apartments for rent in Saint-L\u00e9onard","og_description":"9430 Lacordaire - apartments for rent, 3 1\/2, 4 1\/2, near the Gare de Saint-Leonard - Montreal - North, near the daycare, IGA, gym, location","og_url":"http:\/\/9430lacordaire.ca\/index.php\/en\/the-location-rent\/","og_site_name":"Faubourg Lacordaire","article_publisher":"https:\/\/www.facebook.com\/immomarketing.inc\/","article_modified_time":"2019-01-07T19:03:33+00:00","twitter_card":"summary_large_image","twitter_misc":{"Estimation du temps de lecture":"1 minute"},"schema":{"@context":"https:\/\/schema.org","@graph":[{"@type":"WebPage","@id":"http:\/\/9430lacordaire.ca\/index.php\/en\/the-location-rent\/","url":"http:\/\/9430lacordaire.ca\/index.php\/en\/the-location-rent\/","name":"Faubourg Lacordaire - apartments for rent in Saint-L\u00e9onard","isPartOf":{"@id":"http:\/\/9430lacordaire.ca\/#website"},"datePublished":"2018-02-17T17:58:57+00:00","dateModified":"2019-01-07T19:03:33+00:00","description":"9430 Lacordaire - apartments for rent, 3 1\/2, 4 1\/2, near the Gare de Saint-Leonard - Montreal - North, near the daycare, IGA, gym, location","breadcrumb":{"@id":"http:\/\/9430lacordaire.ca\/index.php\/en\/the-location-rent\/#breadcrumb"},"inLanguage":"fr-CA","potentialAction":[{"@type":"ReadAction","target":["http:\/\/9430lacordaire.ca\/index.php\/en\/the-location-rent\/"]}]},{"@type":"BreadcrumbList","@id":"http:\/\/9430lacordaire.ca\/index.php\/en\/the-location-rent\/#breadcrumb","itemListElement":[{"@type":"ListItem","position":1,"name":"Accueil","item":"http:\/\/9430lacordaire.ca\/"},{"@type":"ListItem","position":2,"name":"The location"}]},{"@type":"WebSite","@id":"http:\/\/9430lacordaire.ca\/#website","url":"http:\/\/9430lacordaire.ca\/","name":"Faubourg Lacordaire","description":"Appartements \u00e0 louer \/ Apartments for rent","publisher":{"@id":"http:\/\/9430lacordaire.ca\/#organization"},"potentialAction":[{"@type":"SearchAction","target":{"@type":"EntryPoint","urlTemplate":"http:\/\/9430lacordaire.ca\/?s={search_term_string}"},"query-input":{"@type":"PropertyValueSpecification","valueRequired":true,"valueName":"search_term_string"}}],"inLanguage":"fr-CA"},{"@type":"Organization","@id":"http:\/\/9430lacordaire.ca\/#organization","name":"Faubourg Lacordaire","url":"http:\/\/9430lacordaire.ca\/","logo":{"@type":"ImageObject","inLanguage":"fr-CA","@id":"http:\/\/9430lacordaire.ca\/#\/schema\/logo\/image\/","url":"https:\/\/9430lacordaire.ca\/wp-content\/uploads\/2017\/06\/cropped-cropped-cropped-cropped-cropped-logo_lacordaire.png","contentUrl":"https:\/\/9430lacordaire.ca\/wp-content\/uploads\/2017\/06\/cropped-cropped-cropped-cropped-cropped-logo_lacordaire.png","width":150,"height":60,"caption":"Faubourg Lacordaire"},"image":{"@id":"http:\/\/9430lacordaire.ca\/#\/schema\/logo\/image\/"},"sameAs":["https:\/\/www.facebook.com\/immomarketing.inc\/"]}]}},"_links":{"self":[{"href":"http:\/\/9430lacordaire.ca\/index.php\/wp-json\/wp\/v2\/pages\/349"}],"collection":[{"href":"http:\/\/9430lacordaire.ca\/index.php\/wp-json\/wp\/v2\/pages"}],"about":[{"href":"http:\/\/9430lacordaire.ca\/index.php\/wp-json\/wp\/v2\/types\/page"}],"author":[{"embeddable":true,"href":"http:\/\/9430lacordaire.ca\/index.php\/wp-json\/wp\/v2\/users\/1"}],"replies":[{"embeddable":true,"href":"http:\/\/9430lacordaire.ca\/index.php\/wp-json\/wp\/v2\/comments?post=349"}],"version-history":[{"count":3,"href":"http:\/\/9430lacordaire.ca\/index.php\/wp-json\/wp\/v2\/pages\/349\/revisions"}],"predecessor-version":[{"id":568,"href":"http:\/\/9430lacordaire.ca\/index.php\/wp-json\/wp\/v2\/pages\/349\/revisions\/568"}],"wp:attachment":[{"href":"http:\/\/9430lacordaire.ca\/index.php\/wp-json\/wp\/v2\/media?parent=349"}],"curies":[{"name":"wp","href":"https:\/\/api.w.org\/{rel}","templated":true}]}}