{"id":197,"date":"2017-12-13T17:06:19","date_gmt":"2017-12-13T17:06:19","guid":{"rendered":"http:\/\/9430lacordaire.ca\/?page_id=197"},"modified":"2019-01-07T19:01:20","modified_gmt":"2019-01-07T19:01:20","slug":"emplacement-a-louer","status":"publish","type":"page","link":"https:\/\/9430lacordaire.ca\/index.php\/emplacement-a-louer\/","title":{"rendered":"L&#8217;emplacement"},"content":{"rendered":"<h1>Un espace \u00e0 louer o\u00f9 il est bon d\u2019y vivre.<\/h1>\n<p>\u00c0 m\u00eame l&rsquo;\u00e9difice, vous y retrouverez une garderie pour vos enfants et une \u00e9picerie IGA.<\/p>\n<h3 class=\"criterias-title\">\u00c0 PROXIMIT\u00c9<\/h3>\n<ul>\n<li>Tous les services bien repr\u00e9sent\u00e9s dans le quartier imm\u00e9diat : alimentation et boissons, coiffeurs, modes f\u00e9minine et masculine, services d\u2019appoint, gym.<\/li>\n<li>Le r\u00e9seau de train avec la Gare de Saint-L\u00e9onard \u00e0 la porte.<\/li>\n<li>L\u2019acc\u00e8s \u00e0 quelques coins de rue aux bretelles des autoroutes 25 et 40.<\/li>\n<\/ul>\n<h1>Gare de Saint-L\u00e9onard &#8211; Montr\u00e9al &#8211; Nord<\/h1>\n<p><iframe style=\"border: 0;\" src=\"https:\/\/www.google.com\/maps\/embed?pb=!1m18!1m12!1m3!1d2791.554745041456!2d-73.61477708443796!3d45.599494879102856!2m3!1f0!2f0!3f0!3m2!1i1024!2i768!4f13.1!3m3!1m2!1s0x4cc91fa7feab8d1f%3A0x728f49e6924335fe!2sgare+Saint-L%C3%A9onard+-+Montr%C3%A9al-Nord!5e0!3m2!1sfr!2sca!4v1513183409216\" width=\"1024\" height=\"200\" frameborder=\"0\" allowfullscreen=\"allowfullscreen\"><\/iframe><\/p>\n<p>La gare Saint-L\u00e9onard-Montr\u00e9al-Nord est une gare du R\u00e9seau de transport m\u00e9tropolitain situ\u00e9e entre les arrondissements Montr\u00e9al-Nord et Saint-L\u00e9onard \u00e0 Montr\u00e9al.<\/p>\n<p><a href=\"http:\/\/www.viarail.ca\/fr\/saint-leonard-montreal-nord-rtm\" target=\"_blank\" rel=\"noopener\">www.viarail.ca<\/a><\/p>\n<hr \/>\n<h1>Uniprix St\u00e9phane Morin &#8211; Pharmacie affili\u00e9e<\/h1>\n<p><iframe src=\"https:\/\/www.google.com\/maps\/embed?pb=!1m18!1m12!1m3!1d2791.6575611399417!2d-73.61125108443817!3d45.597428279102715!2m3!1f0!2f0!3f0!3m2!1i1024!2i768!4f13.1!3m3!1m2!1s0x4cc91f00c4943947%3A0x5c230ccc88d544b2!2s9235+Boulevard+Lacordaire%2C+Saint-L%C3%A9onard%2C+QC+H1R+2B6!5e0!3m2!1sfr!2sca!4v1546887841182\" width=\"1024\" height=\"200\" frameborder=\"0\" allowfullscreen=\"allowfullscreen\" data-mce-fragment=\"1\"><\/iframe><\/p>\n<p class=\"p1\">Pharmacie \u00e0 quelques pas de marche de chez vous.<\/p>\n<p><a href=\"https:\/\/www.uniprix.com\/fr\/succursales\/9-morin-stephane-montreal?utm_source=Google&amp;utm_medium=maps&amp;utm_campaign=DAC_LPM\" target=\"_blank\" rel=\"noopener\">www.uniprix.com<\/a><\/p>\n<hr \/>\n<h1>Cin\u00e9ma Guzzo<\/h1>\n<p><iframe style=\"border: 0;\" src=\"https:\/\/www.google.com\/maps\/embed?pb=!1m18!1m12!1m3!1d2791.5424204678206!2d-73.61324286088147!3d45.59974259770435!2m3!1f0!2f0!3f0!3m2!1i1024!2i768!4f13.1!3m3!1m2!1s0x4cc91fa9bf72ca0b%3A0x9812aab4754da1ff!2sCin%C3%A9ma+Guzzo+-+Montr%C3%A9al!5e0!3m2!1sfr!2sca!4v1513183738543\" width=\"1024\" height=\"200\" frameborder=\"0\" allowfullscreen=\"allowfullscreen\"><\/iframe><\/p>\n<p>Les Cin\u00e9mas Guzzo vous offrent de visionner toutes les\u00a0<a href=\"http:\/\/www.cinemasguzzo.com\/bandes-annonces-films.html\">bandes-annonces<\/a>\u00a0des\u00a0<a href=\"http:\/\/www.cinemasguzzo.com\/bandes-annonces-films.html\">films \u00e0 l&rsquo;affiche<\/a>\u00a0et les bandes-annonces des films qui seront bient\u00f4t \u00e0 l&rsquo;affiche dans nos salles de cin\u00e9ma.<\/p>\n<p><a href=\"http:\/\/www.cinemasguzzo.com\/6-tarifs-Mega-Plex_Lacordaire_16.html\" target=\"_blank\" rel=\"noopener\">www.cinemasguzzo.com<\/a><\/p>\n<hr \/>\n<h1>BMO Banque de Montr\u00e9al<\/h1>\n<p><iframe style=\"border: 0;\" src=\"https:\/\/www.google.com\/maps\/embed?pb=!1m18!1m12!1m3!1d2791.543914355402!2d-73.61435865983167!3d45.59971257126558!2m3!1f0!2f0!3f0!3m2!1i1024!2i768!4f13.1!3m3!1m2!1s0x4cc91f07645c6fd3%3A0x2f2c8f3971ec3487!2sBMO+Banque+de+Montr%C3%A9al!5e0!3m2!1sfr!2sca!4v1513183882289\" width=\"1024\" height=\"200\" frameborder=\"0\" allowfullscreen=\"allowfullscreen\"><\/iframe><\/p>\n<p>Vous aider \u00e0 r\u00e9aliser vos objectifs financiers dans l\u2019imm\u00e9diat et \u00e0 long terme est notre priorit\u00e9.<\/p>\n<p>Visitez notre site web pour de plus amples d\u00e9tails au <a href=\"https:\/\/www.bmo.com\/principal\/particuliers\" target=\"_blank\" rel=\"noopener\">www.bmo.com<\/a><\/p>\n<hr \/>\n<h1>\u00c9conofitness Montr\u00e9al-Saint-L\u00e9onard (Lacordaire)<\/h1>\n<p><iframe style=\"border: 0;\" src=\"https:\/\/www.google.com\/maps\/embed?pb=!1m18!1m12!1m3!1d2791.554745041397!2d-73.61559247597852!3d45.59949487910404!2m3!1f0!2f0!3f0!3m2!1i1024!2i768!4f13.1!3m3!1m2!1s0x4cc91fa83c685f41%3A0x46a1a61ed091af3c!2s%C3%89conofitness+Montr%C3%A9al-Saint-L%C3%A9onard+(Lacordaire)!5e0!3m2!1sfr!2sca!4v1513184532048\" width=\"1024\" height=\"200\" frameborder=\"0\" allowfullscreen=\"allowfullscreen\"><\/iframe><\/p>\n<p><strong>UN TOUT NOUVEAU CONCEPT DE GYM<\/strong><br \/>\n\u00c9conofitness est\u00a0le plus grand r\u00e9seau de centres d&rsquo;entrainement libre-service\u00a0au Qu\u00e9bec et\u00a0offre des gyms abordables \u00e0 tous.<\/p>\n<p><a href=\"http:\/\/www.econofitness.ca\/\" target=\"_blank\" rel=\"noopener\">www.econofitness.ca<\/a><\/p>\n<hr \/>\n","protected":false},"excerpt":{"rendered":"<p>Un espace \u00e0 louer o\u00f9 il est bon d\u2019y vivre. \u00c0 m\u00eame l&rsquo;\u00e9difice, vous y retrouverez une garderie pour vos [&hellip;]<\/p>\n","protected":false},"author":1,"featured_media":0,"parent":0,"menu_order":0,"comment_status":"closed","ping_status":"closed","template":"","meta":{"_exactmetrics_skip_tracking":false,"_exactmetrics_sitenote_active":false,"_exactmetrics_sitenote_note":"","_exactmetrics_sitenote_category":0,"site-sidebar-layout":"default","site-content-layout":"","ast-site-content-layout":"default","site-content-style":"default","site-sidebar-style":"default","ast-global-header-display":"","ast-banner-title-visibility":"","ast-main-header-display":"","ast-hfb-above-header-display":"","ast-hfb-below-header-display":"","ast-hfb-mobile-header-display":"","site-post-title":"","ast-breadcrumbs-content":"","ast-featured-img":"","footer-sml-layout":"","ast-disable-related-posts":"","theme-transparent-header-meta":"","adv-header-id-meta":"","stick-header-meta":"","header-above-stick-meta":"","header-main-stick-meta":"","header-below-stick-meta":"","astra-migrate-meta-layouts":"default","ast-page-background-enabled":"default","ast-page-background-meta":{"desktop":{"background-color":"var(--ast-global-color-4)","background-image":"","background-repeat":"repeat","background-position":"center center","background-size":"auto","background-attachment":"scroll","background-type":"","background-media":"","overlay-type":"","overlay-color":"","overlay-opacity":"","overlay-gradient":""},"tablet":{"background-color":"","background-image":"","background-repeat":"repeat","background-position":"center center","background-size":"auto","background-attachment":"scroll","background-type":"","background-media":"","overlay-type":"","overlay-color":"","overlay-opacity":"","overlay-gradient":""},"mobile":{"background-color":"","background-image":"","background-repeat":"repeat","background-position":"center center","background-size":"auto","background-attachment":"scroll","background-type":"","background-media":"","overlay-type":"","overlay-color":"","overlay-opacity":"","overlay-gradient":""}},"ast-content-background-meta":{"desktop":{"background-color":"var(--ast-global-color-5)","background-image":"","background-repeat":"repeat","background-position":"center center","background-size":"auto","background-attachment":"scroll","background-type":"","background-media":"","overlay-type":"","overlay-color":"","overlay-opacity":"","overlay-gradient":""},"tablet":{"background-color":"var(--ast-global-color-5)","background-image":"","background-repeat":"repeat","background-position":"center center","background-size":"auto","background-attachment":"scroll","background-type":"","background-media":"","overlay-type":"","overlay-color":"","overlay-opacity":"","overlay-gradient":""},"mobile":{"background-color":"var(--ast-global-color-5)","background-image":"","background-repeat":"repeat","background-position":"center center","background-size":"auto","background-attachment":"scroll","background-type":"","background-media":"","overlay-type":"","overlay-color":"","overlay-opacity":"","overlay-gradient":""}},"footnotes":""},"class_list":["post-197","page","type-page","status-publish","hentry"],"yoast_head":"<!-- This site is optimized with the Yoast SEO plugin v24.3 - https:\/\/yoast.com\/wordpress\/plugins\/seo\/ -->\n<title>Faubourg Lacordaire - appartements \u00e0 louer \u00e0 Saint-L\u00e9onard<\/title>\n<meta name=\"description\" content=\"9430 Lacordaire - appartements \u00e0 louer, 3 1\/2, 4 1\/2, pr\u00e8s de la Gare de Saint-L\u00e9onard - Montr\u00e9al - Nord, \u00e0 proximit\u00e9 de la garderie, IGA, gym, emplacement\" \/>\n<meta name=\"robots\" content=\"index, follow, max-snippet:-1, max-image-preview:large, max-video-preview:-1\" \/>\n<link rel=\"canonical\" href=\"https:\/\/9430lacordaire.ca\/index.php\/emplacement-a-louer\/\" \/>\n<meta property=\"og:locale\" content=\"fr_CA\" \/>\n<meta property=\"og:type\" content=\"article\" \/>\n<meta property=\"og:title\" content=\"Faubourg Lacordaire - appartements \u00e0 louer \u00e0 Saint-L\u00e9onard\" \/>\n<meta property=\"og:description\" content=\"9430 Lacordaire - appartements \u00e0 louer, 3 1\/2, 4 1\/2, pr\u00e8s de la Gare de Saint-L\u00e9onard - Montr\u00e9al - Nord, \u00e0 proximit\u00e9 de la garderie, IGA, gym, emplacement\" \/>\n<meta property=\"og:url\" content=\"https:\/\/9430lacordaire.ca\/index.php\/emplacement-a-louer\/\" \/>\n<meta property=\"og:site_name\" content=\"Faubourg Lacordaire\" \/>\n<meta property=\"article:publisher\" content=\"https:\/\/www.facebook.com\/immomarketing.inc\/\" \/>\n<meta property=\"article:modified_time\" content=\"2019-01-07T19:01:20+00:00\" \/>\n<meta name=\"twitter:card\" content=\"summary_large_image\" \/>\n<meta name=\"twitter:label1\" content=\"Estimation du temps de lecture\" \/>\n\t<meta name=\"twitter:data1\" content=\"1 minute\" \/>\n<script type=\"application\/ld+json\" class=\"yoast-schema-graph\">{\"@context\":\"https:\/\/schema.org\",\"@graph\":[{\"@type\":\"WebPage\",\"@id\":\"https:\/\/9430lacordaire.ca\/index.php\/emplacement-a-louer\/\",\"url\":\"https:\/\/9430lacordaire.ca\/index.php\/emplacement-a-louer\/\",\"name\":\"Faubourg Lacordaire - appartements \u00e0 louer \u00e0 Saint-L\u00e9onard\",\"isPartOf\":{\"@id\":\"https:\/\/9430lacordaire.ca\/#website\"},\"datePublished\":\"2017-12-13T17:06:19+00:00\",\"dateModified\":\"2019-01-07T19:01:20+00:00\",\"description\":\"9430 Lacordaire - appartements \u00e0 louer, 3 1\/2, 4 1\/2, pr\u00e8s de la Gare de Saint-L\u00e9onard - Montr\u00e9al - Nord, \u00e0 proximit\u00e9 de la garderie, IGA, gym, emplacement\",\"breadcrumb\":{\"@id\":\"https:\/\/9430lacordaire.ca\/index.php\/emplacement-a-louer\/#breadcrumb\"},\"inLanguage\":\"fr-CA\",\"potentialAction\":[{\"@type\":\"ReadAction\",\"target\":[\"https:\/\/9430lacordaire.ca\/index.php\/emplacement-a-louer\/\"]}]},{\"@type\":\"BreadcrumbList\",\"@id\":\"https:\/\/9430lacordaire.ca\/index.php\/emplacement-a-louer\/#breadcrumb\",\"itemListElement\":[{\"@type\":\"ListItem\",\"position\":1,\"name\":\"Accueil\",\"item\":\"http:\/\/9430lacordaire.ca\/\"},{\"@type\":\"ListItem\",\"position\":2,\"name\":\"L&#8217;emplacement\"}]},{\"@type\":\"WebSite\",\"@id\":\"https:\/\/9430lacordaire.ca\/#website\",\"url\":\"https:\/\/9430lacordaire.ca\/\",\"name\":\"Faubourg Lacordaire\",\"description\":\"Appartements \u00e0 louer \/ Apartments for rent\",\"publisher\":{\"@id\":\"https:\/\/9430lacordaire.ca\/#organization\"},\"potentialAction\":[{\"@type\":\"SearchAction\",\"target\":{\"@type\":\"EntryPoint\",\"urlTemplate\":\"https:\/\/9430lacordaire.ca\/?s={search_term_string}\"},\"query-input\":{\"@type\":\"PropertyValueSpecification\",\"valueRequired\":true,\"valueName\":\"search_term_string\"}}],\"inLanguage\":\"fr-CA\"},{\"@type\":\"Organization\",\"@id\":\"https:\/\/9430lacordaire.ca\/#organization\",\"name\":\"Faubourg Lacordaire\",\"url\":\"https:\/\/9430lacordaire.ca\/\",\"logo\":{\"@type\":\"ImageObject\",\"inLanguage\":\"fr-CA\",\"@id\":\"https:\/\/9430lacordaire.ca\/#\/schema\/logo\/image\/\",\"url\":\"https:\/\/9430lacordaire.ca\/wp-content\/uploads\/2017\/06\/cropped-cropped-cropped-cropped-cropped-logo_lacordaire.png\",\"contentUrl\":\"https:\/\/9430lacordaire.ca\/wp-content\/uploads\/2017\/06\/cropped-cropped-cropped-cropped-cropped-logo_lacordaire.png\",\"width\":150,\"height\":60,\"caption\":\"Faubourg Lacordaire\"},\"image\":{\"@id\":\"https:\/\/9430lacordaire.ca\/#\/schema\/logo\/image\/\"},\"sameAs\":[\"https:\/\/www.facebook.com\/immomarketing.inc\/\"]}]}<\/script>\n<!-- \/ Yoast SEO plugin. -->","yoast_head_json":{"title":"Faubourg Lacordaire - appartements \u00e0 louer \u00e0 Saint-L\u00e9onard","description":"9430 Lacordaire - appartements \u00e0 louer, 3 1\/2, 4 1\/2, pr\u00e8s de la Gare de Saint-L\u00e9onard - Montr\u00e9al - Nord, \u00e0 proximit\u00e9 de la garderie, IGA, gym, emplacement","robots":{"index":"index","follow":"follow","max-snippet":"max-snippet:-1","max-image-preview":"max-image-preview:large","max-video-preview":"max-video-preview:-1"},"canonical":"https:\/\/9430lacordaire.ca\/index.php\/emplacement-a-louer\/","og_locale":"fr_CA","og_type":"article","og_title":"Faubourg Lacordaire - appartements \u00e0 louer \u00e0 Saint-L\u00e9onard","og_description":"9430 Lacordaire - appartements \u00e0 louer, 3 1\/2, 4 1\/2, pr\u00e8s de la Gare de Saint-L\u00e9onard - Montr\u00e9al - Nord, \u00e0 proximit\u00e9 de la garderie, IGA, gym, emplacement","og_url":"https:\/\/9430lacordaire.ca\/index.php\/emplacement-a-louer\/","og_site_name":"Faubourg Lacordaire","article_publisher":"https:\/\/www.facebook.com\/immomarketing.inc\/","article_modified_time":"2019-01-07T19:01:20+00:00","twitter_card":"summary_large_image","twitter_misc":{"Estimation du temps de lecture":"1 minute"},"schema":{"@context":"https:\/\/schema.org","@graph":[{"@type":"WebPage","@id":"https:\/\/9430lacordaire.ca\/index.php\/emplacement-a-louer\/","url":"https:\/\/9430lacordaire.ca\/index.php\/emplacement-a-louer\/","name":"Faubourg Lacordaire - appartements \u00e0 louer \u00e0 Saint-L\u00e9onard","isPartOf":{"@id":"https:\/\/9430lacordaire.ca\/#website"},"datePublished":"2017-12-13T17:06:19+00:00","dateModified":"2019-01-07T19:01:20+00:00","description":"9430 Lacordaire - appartements \u00e0 louer, 3 1\/2, 4 1\/2, pr\u00e8s de la Gare de Saint-L\u00e9onard - Montr\u00e9al - Nord, \u00e0 proximit\u00e9 de la garderie, IGA, gym, emplacement","breadcrumb":{"@id":"https:\/\/9430lacordaire.ca\/index.php\/emplacement-a-louer\/#breadcrumb"},"inLanguage":"fr-CA","potentialAction":[{"@type":"ReadAction","target":["https:\/\/9430lacordaire.ca\/index.php\/emplacement-a-louer\/"]}]},{"@type":"BreadcrumbList","@id":"https:\/\/9430lacordaire.ca\/index.php\/emplacement-a-louer\/#breadcrumb","itemListElement":[{"@type":"ListItem","position":1,"name":"Accueil","item":"http:\/\/9430lacordaire.ca\/"},{"@type":"ListItem","position":2,"name":"L&#8217;emplacement"}]},{"@type":"WebSite","@id":"https:\/\/9430lacordaire.ca\/#website","url":"https:\/\/9430lacordaire.ca\/","name":"Faubourg Lacordaire","description":"Appartements \u00e0 louer \/ Apartments for rent","publisher":{"@id":"https:\/\/9430lacordaire.ca\/#organization"},"potentialAction":[{"@type":"SearchAction","target":{"@type":"EntryPoint","urlTemplate":"https:\/\/9430lacordaire.ca\/?s={search_term_string}"},"query-input":{"@type":"PropertyValueSpecification","valueRequired":true,"valueName":"search_term_string"}}],"inLanguage":"fr-CA"},{"@type":"Organization","@id":"https:\/\/9430lacordaire.ca\/#organization","name":"Faubourg Lacordaire","url":"https:\/\/9430lacordaire.ca\/","logo":{"@type":"ImageObject","inLanguage":"fr-CA","@id":"https:\/\/9430lacordaire.ca\/#\/schema\/logo\/image\/","url":"https:\/\/9430lacordaire.ca\/wp-content\/uploads\/2017\/06\/cropped-cropped-cropped-cropped-cropped-logo_lacordaire.png","contentUrl":"https:\/\/9430lacordaire.ca\/wp-content\/uploads\/2017\/06\/cropped-cropped-cropped-cropped-cropped-logo_lacordaire.png","width":150,"height":60,"caption":"Faubourg Lacordaire"},"image":{"@id":"https:\/\/9430lacordaire.ca\/#\/schema\/logo\/image\/"},"sameAs":["https:\/\/www.facebook.com\/immomarketing.inc\/"]}]}},"_links":{"self":[{"href":"https:\/\/9430lacordaire.ca\/index.php\/wp-json\/wp\/v2\/pages\/197","targetHints":{"allow":["GET"]}}],"collection":[{"href":"https:\/\/9430lacordaire.ca\/index.php\/wp-json\/wp\/v2\/pages"}],"about":[{"href":"https:\/\/9430lacordaire.ca\/index.php\/wp-json\/wp\/v2\/types\/page"}],"author":[{"embeddable":true,"href":"https:\/\/9430lacordaire.ca\/index.php\/wp-json\/wp\/v2\/users\/1"}],"replies":[{"embeddable":true,"href":"https:\/\/9430lacordaire.ca\/index.php\/wp-json\/wp\/v2\/comments?post=197"}],"version-history":[{"count":21,"href":"https:\/\/9430lacordaire.ca\/index.php\/wp-json\/wp\/v2\/pages\/197\/revisions"}],"predecessor-version":[{"id":566,"href":"https:\/\/9430lacordaire.ca\/index.php\/wp-json\/wp\/v2\/pages\/197\/revisions\/566"}],"wp:attachment":[{"href":"https:\/\/9430lacordaire.ca\/index.php\/wp-json\/wp\/v2\/media?parent=197"}],"curies":[{"name":"wp","href":"https:\/\/api.w.org\/{rel}","templated":true}]}}