{"id":2,"date":"2017-06-20T20:19:53","date_gmt":"2017-06-20T20:19:53","guid":{"rendered":"http:\/\/9430lacordaire.ca\/?page_id=2"},"modified":"2025-02-02T22:48:27","modified_gmt":"2025-02-02T22:48:27","slug":"accueil-2","status":"publish","type":"page","link":"http:\/\/9430lacordaire.ca\/","title":{"rendered":"Accueil"},"content":{"rendered":"<h1>Condo\u00a0<span style=\"color: #993300;\">\u00e0 louer<\/span> de type<br \/>\nstudio &#8211; 3 \u00bd &#8211; 4 \u00bd et 5\u00bd<\/h1>\n<p style=\"padding-left: 30px;\">Avec <u>une \u00e9picerie IGA au RDC<\/u>, \u00e0 distance de marche de la gare Saint-L\u00e9onard, de centre de gym. \u00c9conofitness et garderie, la qualit\u00e9 et le bon gout s\u2019harmonisent pour vous cr\u00e9er un confort que vous allez adorer!<\/p>\n<p style=\"padding-left: 30px;\">Le salon est \u00e9quip\u00e9 d\u2019un <em>climatiseur mural<\/em>. La cuisine est spacieuse, avec <em>comptoir en quartz. Cuisini\u00e8re, r\u00e9frig\u00e9rateur, lave-vaisselle, hotte avec micro-ondes, laveuse-s\u00e9cheuse, eau chaude inclus<\/em>!<\/p>\n<h3><strong><img fetchpriority=\"high\" decoding=\"async\" class=\"alignright size-medium wp-image-437\" src=\"http:\/\/9430lacordaire.ca\/wp-content\/uploads\/2017\/06\/immeuble-300x300.png\" alt=\"\" width=\"300\" height=\"300\" srcset=\"https:\/\/9430lacordaire.ca\/wp-content\/uploads\/2017\/06\/immeuble-300x300.png 300w, https:\/\/9430lacordaire.ca\/wp-content\/uploads\/2017\/06\/immeuble-150x150.png 150w, https:\/\/9430lacordaire.ca\/wp-content\/uploads\/2017\/06\/immeuble-270x270.png 270w, https:\/\/9430lacordaire.ca\/wp-content\/uploads\/2017\/06\/immeuble-230x230.png 230w, https:\/\/9430lacordaire.ca\/wp-content\/uploads\/2017\/06\/immeuble.png 500w\" sizes=\"(max-width: 300px) 100vw, 300px\" \/>\u00c0 PROXIMIT\u00c9<\/strong><\/h3>\n<h4><strong><strong>Tous les services bien repr\u00e9sent\u00e9s dans le quartier imm\u00e9diat :<\/strong><\/strong><\/h4>\n<ul>\n<li style=\"list-style-type: none;\">\n<ul>\n<li>Alimentation et boissons (IGA au RDC)<\/li>\n<li>Coiffeurs<\/li>\n<li>Modes f\u00e9minines et masculines<\/li>\n<li>Services d\u2019appoint<\/li>\n<li>Gym (\u00c9conofitness)<\/li>\n<li>Le r\u00e9seau de train avec la Gare de Saint-L\u00e9onard \u00e0 la porte<\/li>\n<li>L\u2019acc\u00e8s \u00e0 quelques coins de rue aux bretelles des autoroutes 25 et 40<\/li>\n<li>Autobus 32-353-432-39-136<\/li>\n<\/ul>\n<\/li>\n<\/ul>\n<p>Prenez rendez-vous avec notre agent de location au : <a href=\"tel:5143249430\">514 324-9430<\/a> via notre <a href=\"http:\/\/9430lacordaire.ca\/index.php\/contact\/\">formulaire<\/a>.<\/p>\n<div id=\"metaslider-id-300\" style=\"max-width: 1200px;\" class=\"ml-slider-3-104-0 metaslider metaslider-flex metaslider-300 ml-slider has-dots-nav ms-theme-default\" role=\"region\" aria-label=\"Front page\" data-height=\"500\" data-width=\"1200\">\n    <div id=\"metaslider_container_300\">\n        <div id=\"metaslider_300\">\n            <ul class='slides'>\n                <li style=\"display: block; width: 100%;\" class=\"slide-512 ms-image \" aria-roledescription=\"slide\" data-date=\"2018-12-12 16:52:06\" data-filename=\"Facades-1-2-1050x437.jpg\" data-slide-type=\"image\"><img decoding=\"async\" src=\"https:\/\/9430lacordaire.ca\/wp-content\/uploads\/2021\/08\/Facades-1-2-1050x437.jpg\" height=\"500\" width=\"1200\" alt=\"\" class=\"slider-300 slide-512 msDefaultImage\" \/><\/li>\n                <li style=\"display: none; width: 100%;\" class=\"slide-510 ms-image \" aria-roledescription=\"slide\" data-date=\"2018-12-12 16:51:55\" data-filename=\"Facades-3-1050x437.jpg\" data-slide-type=\"image\"><img decoding=\"async\" src=\"https:\/\/9430lacordaire.ca\/wp-content\/uploads\/2021\/08\/Facades-3-1050x437.jpg\" height=\"500\" width=\"1200\" alt=\"\" class=\"slider-300 slide-510 msDefaultImage\" \/><\/li>\n                <li style=\"display: none; width: 100%;\" class=\"slide-305 ms-image \" aria-roledescription=\"slide\" data-date=\"2018-01-29 20:10:00\" data-filename=\"Aires_communes-2-1050x437.jpg\" data-slide-type=\"image\"><img loading=\"lazy\" decoding=\"async\" src=\"https:\/\/9430lacordaire.ca\/wp-content\/uploads\/2021\/08\/Aires_communes-2-1050x437.jpg\" height=\"500\" width=\"1200\" alt=\"Signalisation\" class=\"slider-300 slide-305 msDefaultImage\" title=\"Signalisation 9430 Faubourg Lacordaire\" \/><\/li>\n                <li style=\"display: none; width: 100%;\" class=\"slide-308 ms-image \" aria-roledescription=\"slide\" data-date=\"2018-01-29 20:10:00\" data-filename=\"app1203-17-1050x437.jpg\" data-slide-type=\"image\"><img loading=\"lazy\" decoding=\"async\" src=\"https:\/\/9430lacordaire.ca\/wp-content\/uploads\/2021\/08\/app1203-17-1050x437.jpg\" height=\"500\" width=\"1200\" alt=\"Plans appartements\" class=\"slider-300 slide-308 msDefaultImage\" title=\"Plan 9430 Faubourg Lacordaire\" \/><\/li>\n                <li style=\"display: none; width: 100%;\" class=\"slide-508 ms-image \" aria-roledescription=\"slide\" data-date=\"2018-12-12 16:51:32\" data-filename=\"app1203-18-1050x437.jpg\" data-slide-type=\"image\"><img loading=\"lazy\" decoding=\"async\" src=\"https:\/\/9430lacordaire.ca\/wp-content\/uploads\/2021\/08\/app1203-18-1050x437.jpg\" height=\"500\" width=\"1200\" alt=\"\" class=\"slider-300 slide-508 msDefaultImage\" \/><\/li>\n                <li style=\"display: none; width: 100%;\" class=\"slide-506 ms-image \" aria-roledescription=\"slide\" data-date=\"2018-12-12 16:50:15\" data-filename=\"app1203-3-1050x437.jpg\" data-slide-type=\"image\"><img loading=\"lazy\" decoding=\"async\" src=\"https:\/\/9430lacordaire.ca\/wp-content\/uploads\/2021\/08\/app1203-3-1050x437.jpg\" height=\"500\" width=\"1200\" alt=\"LOCATION\" class=\"slider-300 slide-506 msDefaultImage\" title=\"BUREAU LOCATION FAUBOURG LACORDAIRE\" \/><\/li>\n                <li style=\"display: none; width: 100%;\" class=\"slide-302 ms-image \" aria-roledescription=\"slide\" data-date=\"2018-01-29 20:10:00\" data-filename=\"app1203-2-1050x437.jpg\" data-slide-type=\"image\"><img loading=\"lazy\" decoding=\"async\" src=\"https:\/\/9430lacordaire.ca\/wp-content\/uploads\/2021\/08\/app1203-2-1050x437.jpg\" height=\"500\" width=\"1200\" alt=\"Lacordaire\" class=\"slider-300 slide-302 msDefaultImage\" title=\"Facade 9430 Faubourg Lacordaire\" \/><\/li>\n                <li style=\"display: none; width: 100%;\" class=\"slide-514 ms-image \" aria-roledescription=\"slide\" data-date=\"2018-12-12 16:55:22\" data-filename=\"app1203-14-1050x437.jpg\" data-slide-type=\"image\"><img loading=\"lazy\" decoding=\"async\" src=\"https:\/\/9430lacordaire.ca\/wp-content\/uploads\/2021\/08\/app1203-14-1050x437.jpg\" height=\"500\" width=\"1200\" alt=\"\" class=\"slider-300 slide-514 msDefaultImage\" \/><\/li>\n                <li style=\"display: none; width: 100%;\" class=\"slide-518 ms-image \" aria-roledescription=\"slide\" data-date=\"2018-12-12 16:55:57\" data-filename=\"app1209-15-1050x437.jpg\" data-slide-type=\"image\"><img loading=\"lazy\" decoding=\"async\" src=\"https:\/\/9430lacordaire.ca\/wp-content\/uploads\/2021\/08\/app1209-15-1050x437.jpg\" height=\"500\" width=\"1200\" alt=\"\" class=\"slider-300 slide-518 msDefaultImage\" \/><\/li>\n            <\/ul>\n        <\/div>\n        \n    <\/div>\n<\/div>\n<p class=\"p1\">Modernes et accessibles, les appartements du <strong>Faubourg Lacordaire<\/strong> offrent des services dans un environnement d\u2019exception. Avantageusement situ\u00e9es, ses installations en font une r\u00e9f\u00e9rence tant pour les professionnels gr\u00e2ce \u00e0 un acc\u00e8s rapide pour d\u00e9placements en ville que pour les couples et les familles \u00e0 la recherche d\u2019un style de vie remarquable.<\/p>\n","protected":false},"excerpt":{"rendered":"<p>Condo\u00a0\u00e0 louer de type studio &#8211; 3 \u00bd &#8211; 4 \u00bd et 5\u00bd Avec une \u00e9picerie IGA au RDC, \u00e0 [&hellip;]<\/p>\n","protected":false},"author":1,"featured_media":0,"parent":0,"menu_order":0,"comment_status":"closed","ping_status":"closed","template":"","meta":{"_exactmetrics_skip_tracking":false,"_exactmetrics_sitenote_active":false,"_exactmetrics_sitenote_note":"","_exactmetrics_sitenote_category":0,"site-sidebar-layout":"default","site-content-layout":"","ast-site-content-layout":"default","site-content-style":"default","site-sidebar-style":"default","ast-global-header-display":"","ast-banner-title-visibility":"","ast-main-header-display":"","ast-hfb-above-header-display":"","ast-hfb-below-header-display":"","ast-hfb-mobile-header-display":"","site-post-title":"","ast-breadcrumbs-content":"","ast-featured-img":"","footer-sml-layout":"","ast-disable-related-posts":"","theme-transparent-header-meta":"","adv-header-id-meta":"","stick-header-meta":"","header-above-stick-meta":"","header-main-stick-meta":"","header-below-stick-meta":"","astra-migrate-meta-layouts":"default","ast-page-background-enabled":"default","ast-page-background-meta":{"desktop":{"background-color":"var(--ast-global-color-4)","background-image":"","background-repeat":"repeat","background-position":"center center","background-size":"auto","background-attachment":"scroll","background-type":"","background-media":"","overlay-type":"","overlay-color":"","overlay-opacity":"","overlay-gradient":""},"tablet":{"background-color":"","background-image":"","background-repeat":"repeat","background-position":"center center","background-size":"auto","background-attachment":"scroll","background-type":"","background-media":"","overlay-type":"","overlay-color":"","overlay-opacity":"","overlay-gradient":""},"mobile":{"background-color":"","background-image":"","background-repeat":"repeat","background-position":"center center","background-size":"auto","background-attachment":"scroll","background-type":"","background-media":"","overlay-type":"","overlay-color":"","overlay-opacity":"","overlay-gradient":""}},"ast-content-background-meta":{"desktop":{"background-color":"var(--ast-global-color-5)","background-image":"","background-repeat":"repeat","background-position":"center center","background-size":"auto","background-attachment":"scroll","background-type":"","background-media":"","overlay-type":"","overlay-color":"","overlay-opacity":"","overlay-gradient":""},"tablet":{"background-color":"var(--ast-global-color-5)","background-image":"","background-repeat":"repeat","background-position":"center center","background-size":"auto","background-attachment":"scroll","background-type":"","background-media":"","overlay-type":"","overlay-color":"","overlay-opacity":"","overlay-gradient":""},"mobile":{"background-color":"var(--ast-global-color-5)","background-image":"","background-repeat":"repeat","background-position":"center center","background-size":"auto","background-attachment":"scroll","background-type":"","background-media":"","overlay-type":"","overlay-color":"","overlay-opacity":"","overlay-gradient":""}},"footnotes":""},"class_list":["post-2","page","type-page","status-publish","hentry"],"yoast_head":"<!-- This site is optimized with the Yoast SEO plugin v24.3 - https:\/\/yoast.com\/wordpress\/plugins\/seo\/ -->\n<title>Faubourg Lacordaire - appartements \u00e0 louer \u00e0 Saint-L\u00e9onard<\/title>\n<meta name=\"description\" content=\"9430 Lacordaire - appartements \u00e0 louer, 3 1\/2, 4 1\/2, pr\u00e8s de la Gare de Saint-L\u00e9onard - Montr\u00e9al - Nord, \u00e0 proximit\u00e9 de la garderie, IGA, gym\" \/>\n<meta name=\"robots\" content=\"index, follow, max-snippet:-1, max-image-preview:large, max-video-preview:-1\" \/>\n<link rel=\"canonical\" href=\"http:\/\/9430lacordaire.ca\/\" \/>\n<meta property=\"og:locale\" content=\"fr_CA\" \/>\n<meta property=\"og:type\" content=\"article\" \/>\n<meta property=\"og:title\" content=\"Faubourg Lacordaire - appartements \u00e0 louer \u00e0 Saint-L\u00e9onard\" \/>\n<meta property=\"og:description\" content=\"9430 Lacordaire - appartements \u00e0 louer, 3 1\/2, 4 1\/2, pr\u00e8s de la Gare de Saint-L\u00e9onard - Montr\u00e9al - Nord, \u00e0 proximit\u00e9 de la garderie, IGA, gym\" \/>\n<meta property=\"og:url\" content=\"http:\/\/9430lacordaire.ca\/\" \/>\n<meta property=\"og:site_name\" content=\"Faubourg Lacordaire\" \/>\n<meta property=\"article:publisher\" content=\"https:\/\/www.facebook.com\/immomarketing.inc\/\" \/>\n<meta property=\"article:modified_time\" content=\"2025-02-02T22:48:27+00:00\" \/>\n<meta property=\"og:image\" content=\"http:\/\/9430lacordaire.ca\/wp-content\/uploads\/2017\/06\/immeuble-300x300.png\" \/>\n<meta name=\"twitter:card\" content=\"summary_large_image\" \/>\n<meta name=\"twitter:label1\" content=\"Estimation du temps de lecture\" \/>\n\t<meta name=\"twitter:data1\" content=\"2 minutes\" \/>\n<script type=\"application\/ld+json\" class=\"yoast-schema-graph\">{\"@context\":\"https:\/\/schema.org\",\"@graph\":[{\"@type\":\"WebPage\",\"@id\":\"http:\/\/9430lacordaire.ca\/\",\"url\":\"http:\/\/9430lacordaire.ca\/\",\"name\":\"Faubourg Lacordaire - appartements \u00e0 louer \u00e0 Saint-L\u00e9onard\",\"isPartOf\":{\"@id\":\"https:\/\/9430lacordaire.ca\/#website\"},\"primaryImageOfPage\":{\"@id\":\"http:\/\/9430lacordaire.ca\/#primaryimage\"},\"image\":{\"@id\":\"http:\/\/9430lacordaire.ca\/#primaryimage\"},\"thumbnailUrl\":\"http:\/\/9430lacordaire.ca\/wp-content\/uploads\/2017\/06\/immeuble-300x300.png\",\"datePublished\":\"2017-06-20T20:19:53+00:00\",\"dateModified\":\"2025-02-02T22:48:27+00:00\",\"description\":\"9430 Lacordaire - appartements \u00e0 louer, 3 1\/2, 4 1\/2, pr\u00e8s de la Gare de Saint-L\u00e9onard - Montr\u00e9al - Nord, \u00e0 proximit\u00e9 de la garderie, IGA, gym\",\"breadcrumb\":{\"@id\":\"http:\/\/9430lacordaire.ca\/#breadcrumb\"},\"inLanguage\":\"fr-CA\",\"potentialAction\":[{\"@type\":\"ReadAction\",\"target\":[\"http:\/\/9430lacordaire.ca\/\"]}]},{\"@type\":\"ImageObject\",\"inLanguage\":\"fr-CA\",\"@id\":\"http:\/\/9430lacordaire.ca\/#primaryimage\",\"url\":\"https:\/\/9430lacordaire.ca\/wp-content\/uploads\/2017\/06\/immeuble.png\",\"contentUrl\":\"https:\/\/9430lacordaire.ca\/wp-content\/uploads\/2017\/06\/immeuble.png\",\"width\":500,\"height\":500},{\"@type\":\"BreadcrumbList\",\"@id\":\"http:\/\/9430lacordaire.ca\/#breadcrumb\",\"itemListElement\":[{\"@type\":\"ListItem\",\"position\":1,\"name\":\"Accueil\",\"item\":\"http:\/\/9430lacordaire.ca\/\"},{\"@type\":\"ListItem\",\"position\":2,\"name\":\"Accueil\"}]},{\"@type\":\"WebSite\",\"@id\":\"https:\/\/9430lacordaire.ca\/#website\",\"url\":\"https:\/\/9430lacordaire.ca\/\",\"name\":\"Faubourg Lacordaire\",\"description\":\"Appartements \u00e0 louer \/ Apartments for rent\",\"publisher\":{\"@id\":\"https:\/\/9430lacordaire.ca\/#organization\"},\"potentialAction\":[{\"@type\":\"SearchAction\",\"target\":{\"@type\":\"EntryPoint\",\"urlTemplate\":\"https:\/\/9430lacordaire.ca\/?s={search_term_string}\"},\"query-input\":{\"@type\":\"PropertyValueSpecification\",\"valueRequired\":true,\"valueName\":\"search_term_string\"}}],\"inLanguage\":\"fr-CA\"},{\"@type\":\"Organization\",\"@id\":\"https:\/\/9430lacordaire.ca\/#organization\",\"name\":\"Faubourg Lacordaire\",\"url\":\"https:\/\/9430lacordaire.ca\/\",\"logo\":{\"@type\":\"ImageObject\",\"inLanguage\":\"fr-CA\",\"@id\":\"https:\/\/9430lacordaire.ca\/#\/schema\/logo\/image\/\",\"url\":\"https:\/\/9430lacordaire.ca\/wp-content\/uploads\/2017\/06\/cropped-cropped-cropped-cropped-cropped-logo_lacordaire.png\",\"contentUrl\":\"https:\/\/9430lacordaire.ca\/wp-content\/uploads\/2017\/06\/cropped-cropped-cropped-cropped-cropped-logo_lacordaire.png\",\"width\":150,\"height\":60,\"caption\":\"Faubourg Lacordaire\"},\"image\":{\"@id\":\"https:\/\/9430lacordaire.ca\/#\/schema\/logo\/image\/\"},\"sameAs\":[\"https:\/\/www.facebook.com\/immomarketing.inc\/\"]}]}<\/script>\n<!-- \/ Yoast SEO plugin. -->","yoast_head_json":{"title":"Faubourg Lacordaire - appartements \u00e0 louer \u00e0 Saint-L\u00e9onard","description":"9430 Lacordaire - appartements \u00e0 louer, 3 1\/2, 4 1\/2, pr\u00e8s de la Gare de Saint-L\u00e9onard - Montr\u00e9al - Nord, \u00e0 proximit\u00e9 de la garderie, IGA, gym","robots":{"index":"index","follow":"follow","max-snippet":"max-snippet:-1","max-image-preview":"max-image-preview:large","max-video-preview":"max-video-preview:-1"},"canonical":"http:\/\/9430lacordaire.ca\/","og_locale":"fr_CA","og_type":"article","og_title":"Faubourg Lacordaire - appartements \u00e0 louer \u00e0 Saint-L\u00e9onard","og_description":"9430 Lacordaire - appartements \u00e0 louer, 3 1\/2, 4 1\/2, pr\u00e8s de la Gare de Saint-L\u00e9onard - Montr\u00e9al - Nord, \u00e0 proximit\u00e9 de la garderie, IGA, gym","og_url":"http:\/\/9430lacordaire.ca\/","og_site_name":"Faubourg Lacordaire","article_publisher":"https:\/\/www.facebook.com\/immomarketing.inc\/","article_modified_time":"2025-02-02T22:48:27+00:00","og_image":[{"url":"http:\/\/9430lacordaire.ca\/wp-content\/uploads\/2017\/06\/immeuble-300x300.png","type":"","width":"","height":""}],"twitter_card":"summary_large_image","twitter_misc":{"Estimation du temps de lecture":"2 minutes"},"schema":{"@context":"https:\/\/schema.org","@graph":[{"@type":"WebPage","@id":"http:\/\/9430lacordaire.ca\/","url":"http:\/\/9430lacordaire.ca\/","name":"Faubourg Lacordaire - appartements \u00e0 louer \u00e0 Saint-L\u00e9onard","isPartOf":{"@id":"https:\/\/9430lacordaire.ca\/#website"},"primaryImageOfPage":{"@id":"http:\/\/9430lacordaire.ca\/#primaryimage"},"image":{"@id":"http:\/\/9430lacordaire.ca\/#primaryimage"},"thumbnailUrl":"http:\/\/9430lacordaire.ca\/wp-content\/uploads\/2017\/06\/immeuble-300x300.png","datePublished":"2017-06-20T20:19:53+00:00","dateModified":"2025-02-02T22:48:27+00:00","description":"9430 Lacordaire - appartements \u00e0 louer, 3 1\/2, 4 1\/2, pr\u00e8s de la Gare de Saint-L\u00e9onard - Montr\u00e9al - Nord, \u00e0 proximit\u00e9 de la garderie, IGA, gym","breadcrumb":{"@id":"http:\/\/9430lacordaire.ca\/#breadcrumb"},"inLanguage":"fr-CA","potentialAction":[{"@type":"ReadAction","target":["http:\/\/9430lacordaire.ca\/"]}]},{"@type":"ImageObject","inLanguage":"fr-CA","@id":"http:\/\/9430lacordaire.ca\/#primaryimage","url":"https:\/\/9430lacordaire.ca\/wp-content\/uploads\/2017\/06\/immeuble.png","contentUrl":"https:\/\/9430lacordaire.ca\/wp-content\/uploads\/2017\/06\/immeuble.png","width":500,"height":500},{"@type":"BreadcrumbList","@id":"http:\/\/9430lacordaire.ca\/#breadcrumb","itemListElement":[{"@type":"ListItem","position":1,"name":"Accueil","item":"http:\/\/9430lacordaire.ca\/"},{"@type":"ListItem","position":2,"name":"Accueil"}]},{"@type":"WebSite","@id":"https:\/\/9430lacordaire.ca\/#website","url":"https:\/\/9430lacordaire.ca\/","name":"Faubourg Lacordaire","description":"Appartements \u00e0 louer \/ Apartments for rent","publisher":{"@id":"https:\/\/9430lacordaire.ca\/#organization"},"potentialAction":[{"@type":"SearchAction","target":{"@type":"EntryPoint","urlTemplate":"https:\/\/9430lacordaire.ca\/?s={search_term_string}"},"query-input":{"@type":"PropertyValueSpecification","valueRequired":true,"valueName":"search_term_string"}}],"inLanguage":"fr-CA"},{"@type":"Organization","@id":"https:\/\/9430lacordaire.ca\/#organization","name":"Faubourg Lacordaire","url":"https:\/\/9430lacordaire.ca\/","logo":{"@type":"ImageObject","inLanguage":"fr-CA","@id":"https:\/\/9430lacordaire.ca\/#\/schema\/logo\/image\/","url":"https:\/\/9430lacordaire.ca\/wp-content\/uploads\/2017\/06\/cropped-cropped-cropped-cropped-cropped-logo_lacordaire.png","contentUrl":"https:\/\/9430lacordaire.ca\/wp-content\/uploads\/2017\/06\/cropped-cropped-cropped-cropped-cropped-logo_lacordaire.png","width":150,"height":60,"caption":"Faubourg Lacordaire"},"image":{"@id":"https:\/\/9430lacordaire.ca\/#\/schema\/logo\/image\/"},"sameAs":["https:\/\/www.facebook.com\/immomarketing.inc\/"]}]}},"_links":{"self":[{"href":"https:\/\/9430lacordaire.ca\/index.php\/wp-json\/wp\/v2\/pages\/2","targetHints":{"allow":["GET"]}}],"collection":[{"href":"https:\/\/9430lacordaire.ca\/index.php\/wp-json\/wp\/v2\/pages"}],"about":[{"href":"https:\/\/9430lacordaire.ca\/index.php\/wp-json\/wp\/v2\/types\/page"}],"author":[{"embeddable":true,"href":"https:\/\/9430lacordaire.ca\/index.php\/wp-json\/wp\/v2\/users\/1"}],"replies":[{"embeddable":true,"href":"https:\/\/9430lacordaire.ca\/index.php\/wp-json\/wp\/v2\/comments?post=2"}],"version-history":[{"count":80,"href":"https:\/\/9430lacordaire.ca\/index.php\/wp-json\/wp\/v2\/pages\/2\/revisions"}],"predecessor-version":[{"id":1026,"href":"https:\/\/9430lacordaire.ca\/index.php\/wp-json\/wp\/v2\/pages\/2\/revisions\/1026"}],"wp:attachment":[{"href":"https:\/\/9430lacordaire.ca\/index.php\/wp-json\/wp\/v2\/media?parent=2"}],"curies":[{"name":"wp","href":"https:\/\/api.w.org\/{rel}","templated":true}]}}