{"id":232,"date":"2017-12-13T19:43:39","date_gmt":"2017-12-13T19:43:39","guid":{"rendered":"http:\/\/9430lacordaire.ca\/?page_id=232"},"modified":"2026-02-17T18:43:33","modified_gmt":"2026-02-17T18:43:33","slug":"location-dappartements","status":"publish","type":"page","link":"https:\/\/9430lacordaire.ca\/index.php\/location-dappartements\/","title":{"rendered":"Appartements"},"content":{"rendered":"<p><a href=\"http:\/\/9430lacordaire.ca\/index.php\/contact\/\"><img fetchpriority=\"high\" decoding=\"async\" class=\"size-medium wp-image-429 alignright\" src=\"http:\/\/9430lacordaire.ca\/wp-content\/uploads\/2017\/06\/tag_appel-300x300.png\" alt=\"\" width=\"300\" height=\"300\" srcset=\"https:\/\/9430lacordaire.ca\/wp-content\/uploads\/2017\/06\/tag_appel-300x300.png 300w, https:\/\/9430lacordaire.ca\/wp-content\/uploads\/2017\/06\/tag_appel-150x150.png 150w, https:\/\/9430lacordaire.ca\/wp-content\/uploads\/2017\/06\/tag_appel-270x270.png 270w, https:\/\/9430lacordaire.ca\/wp-content\/uploads\/2017\/06\/tag_appel-230x230.png 230w, https:\/\/9430lacordaire.ca\/wp-content\/uploads\/2017\/06\/tag_appel.png 500w\" sizes=\"(max-width: 300px) 100vw, 300px\" \/><\/a>La location de nos appartements inclus, laveuse, s\u00e9cheuse, cuisini\u00e8re, r\u00e9frig\u00e9rateur, lave-vaisselle &amp; eau chaude. Un ajout de 150$ pour une place de <strong>stationnement int\u00e9rieur<\/strong> est possible.<\/p>\n<h2>Promotion : 1 mois gratuit*<\/h2>\n<h5><strong>\u00c9conomisez un mois de loyer sur votre 4 \u00bd et 5 <\/strong><strong>\u00bd <\/strong><strong>! Profitez de cette offre en s\u00e9lectionnant le mois de votre choix &#8212; sans \u00e9talement sur 12 mois.<\/strong><\/h5>\n<p>\u00a0<\/p>\n<h1>CONTACTEZ-NOUS MAINTENANT<\/h1>\n<h1>Studio \u00c0 partir de 1295 $<\/h1>\n<ul>\n<li>1\u00a0salle de bain<\/li>\n<li>Chauffage, \u00e9lectricit\u00e9 \u00e0 la charge du locataire<\/li>\n<\/ul>\n<h1>3 1\/2 \u00c0 partir de 1550 $<\/h1>\n<ul>\n<li>1\u00a0salle de bain<\/li>\n<li>1 chambre<\/li>\n<li>Chauffage, \u00e9lectricit\u00e9 \u00e0 la charge du locataire<\/li>\n<\/ul>\n<h1>4 1\/2 \u00e0 partir de 1695$<\/h1>\n<ul>\n<li>1\u00a0salle de bain<\/li>\n<li>2 chambres<\/li>\n<li>Chauffage, \u00e9lectricit\u00e9 \u00e0 la charge du locataire<\/li>\n<\/ul>\n<h1>5 1\/2 : 2195 $<\/h1>\n<ul>\n<li>1\u00a0salle de bain<\/li>\n<li>3 chambres<\/li>\n<li>Chauffage, \u00e9lectricit\u00e9 \u00e0 la charge du locataire<\/li>\n<\/ul>\n<p>Pour avoir des informations sur la location, contactez-nous via notre formulaire de <a href=\"http:\/\/9430lacordaire.ca\/index.php\/contact\/\">contact<\/a>.<\/p>\n<p><em>\u00a0*Le loyer affich\u00e9 tient compte d\u2019un rabais \u00e9quivalant \u00e0 1 mois gratuits. Offre conditionnelle \u00e0 la signature d\u2019un bail de 12 mois. Certaines conditions s\u2019appliquent. Offre modifiable sans pr\u00e9avis.<\/em><\/p>\n\n\n<figure class=\"wp-block-image alignleft size-large\"><img decoding=\"async\" width=\"1024\" height=\"683\" src=\"http:\/\/9430lacordaire.ca\/wp-content\/uploads\/2021\/08\/app1203-3-1024x683.jpg\" alt=\"\" class=\"wp-image-701\" srcset=\"https:\/\/9430lacordaire.ca\/wp-content\/uploads\/2021\/08\/app1203-3-1024x683.jpg 1024w, https:\/\/9430lacordaire.ca\/wp-content\/uploads\/2021\/08\/app1203-3-300x200.jpg 300w, https:\/\/9430lacordaire.ca\/wp-content\/uploads\/2021\/08\/app1203-3-768x512.jpg 768w, https:\/\/9430lacordaire.ca\/wp-content\/uploads\/2021\/08\/app1203-3.jpg 1050w\" sizes=\"(max-width: 1024px) 100vw, 1024px\" \/><\/figure>\n","protected":false},"excerpt":{"rendered":"<p>La location de nos appartements inclus, laveuse, s\u00e9cheuse, cuisini\u00e8re, r\u00e9frig\u00e9rateur, lave-vaisselle &amp; eau chaude. Un ajout de 150$ pour une [&hellip;]<\/p>\n","protected":false},"author":1,"featured_media":0,"parent":0,"menu_order":0,"comment_status":"closed","ping_status":"closed","template":"","meta":{"_exactmetrics_skip_tracking":false,"_exactmetrics_sitenote_active":false,"_exactmetrics_sitenote_note":"","_exactmetrics_sitenote_category":0,"site-sidebar-layout":"default","site-content-layout":"","ast-site-content-layout":"default","site-content-style":"default","site-sidebar-style":"default","ast-global-header-display":"","ast-banner-title-visibility":"","ast-main-header-display":"","ast-hfb-above-header-display":"","ast-hfb-below-header-display":"","ast-hfb-mobile-header-display":"","site-post-title":"","ast-breadcrumbs-content":"","ast-featured-img":"","footer-sml-layout":"","ast-disable-related-posts":"","theme-transparent-header-meta":"","adv-header-id-meta":"","stick-header-meta":"","header-above-stick-meta":"","header-main-stick-meta":"","header-below-stick-meta":"","astra-migrate-meta-layouts":"default","ast-page-background-enabled":"default","ast-page-background-meta":{"desktop":{"background-color":"var(--ast-global-color-4)","background-image":"","background-repeat":"repeat","background-position":"center center","background-size":"auto","background-attachment":"scroll","background-type":"","background-media":"","overlay-type":"","overlay-color":"","overlay-opacity":"","overlay-gradient":""},"tablet":{"background-color":"","background-image":"","background-repeat":"repeat","background-position":"center center","background-size":"auto","background-attachment":"scroll","background-type":"","background-media":"","overlay-type":"","overlay-color":"","overlay-opacity":"","overlay-gradient":""},"mobile":{"background-color":"","background-image":"","background-repeat":"repeat","background-position":"center center","background-size":"auto","background-attachment":"scroll","background-type":"","background-media":"","overlay-type":"","overlay-color":"","overlay-opacity":"","overlay-gradient":""}},"ast-content-background-meta":{"desktop":{"background-color":"var(--ast-global-color-5)","background-image":"","background-repeat":"repeat","background-position":"center center","background-size":"auto","background-attachment":"scroll","background-type":"","background-media":"","overlay-type":"","overlay-color":"","overlay-opacity":"","overlay-gradient":""},"tablet":{"background-color":"var(--ast-global-color-5)","background-image":"","background-repeat":"repeat","background-position":"center center","background-size":"auto","background-attachment":"scroll","background-type":"","background-media":"","overlay-type":"","overlay-color":"","overlay-opacity":"","overlay-gradient":""},"mobile":{"background-color":"var(--ast-global-color-5)","background-image":"","background-repeat":"repeat","background-position":"center center","background-size":"auto","background-attachment":"scroll","background-type":"","background-media":"","overlay-type":"","overlay-color":"","overlay-opacity":"","overlay-gradient":""}},"footnotes":""},"class_list":["post-232","page","type-page","status-publish","hentry"],"yoast_head":"<!-- This site is optimized with the Yoast SEO plugin v24.3 - https:\/\/yoast.com\/wordpress\/plugins\/seo\/ -->\n<title>Faubourg Lacordaire - location d&#039;appartements \u00e0 louer \u00e0 Saint-L\u00e9onard<\/title>\n<meta name=\"description\" content=\"9430 Lacordaire - location d&#039;appartements \u00e0 louer, 3 1\/2, 4 1\/2, pr\u00e8s de la Gare de Saint-L\u00e9onard - Montr\u00e9al - Nord, \u00e0 proximit\u00e9 de la garderie, IGA, gym\" \/>\n<meta name=\"robots\" content=\"index, follow, max-snippet:-1, max-image-preview:large, max-video-preview:-1\" \/>\n<link rel=\"canonical\" href=\"https:\/\/9430lacordaire.ca\/index.php\/location-dappartements\/\" \/>\n<meta property=\"og:locale\" content=\"fr_CA\" \/>\n<meta property=\"og:type\" content=\"article\" \/>\n<meta property=\"og:title\" content=\"Faubourg Lacordaire - location d&#039;appartements \u00e0 louer \u00e0 Saint-L\u00e9onard\" \/>\n<meta property=\"og:description\" content=\"9430 Lacordaire - location d&#039;appartements \u00e0 louer, 3 1\/2, 4 1\/2, pr\u00e8s de la Gare de Saint-L\u00e9onard - Montr\u00e9al - Nord, \u00e0 proximit\u00e9 de la garderie, IGA, gym\" \/>\n<meta property=\"og:url\" content=\"https:\/\/9430lacordaire.ca\/index.php\/location-dappartements\/\" \/>\n<meta property=\"og:site_name\" content=\"Faubourg Lacordaire\" \/>\n<meta property=\"article:publisher\" content=\"https:\/\/www.facebook.com\/immomarketing.inc\/\" \/>\n<meta property=\"article:modified_time\" content=\"2026-02-17T18:43:33+00:00\" \/>\n<meta property=\"og:image\" content=\"http:\/\/9430lacordaire.ca\/wp-content\/uploads\/2017\/06\/tag_appel-300x300.png\" \/>\n<meta name=\"twitter:card\" content=\"summary_large_image\" \/>\n<meta name=\"twitter:label1\" content=\"Estimation du temps de lecture\" \/>\n\t<meta name=\"twitter:data1\" content=\"2 minutes\" \/>\n<script type=\"application\/ld+json\" class=\"yoast-schema-graph\">{\"@context\":\"https:\/\/schema.org\",\"@graph\":[{\"@type\":\"WebPage\",\"@id\":\"https:\/\/9430lacordaire.ca\/index.php\/location-dappartements\/\",\"url\":\"https:\/\/9430lacordaire.ca\/index.php\/location-dappartements\/\",\"name\":\"Faubourg Lacordaire - location d'appartements \u00e0 louer \u00e0 Saint-L\u00e9onard\",\"isPartOf\":{\"@id\":\"https:\/\/9430lacordaire.ca\/#website\"},\"primaryImageOfPage\":{\"@id\":\"https:\/\/9430lacordaire.ca\/index.php\/location-dappartements\/#primaryimage\"},\"image\":{\"@id\":\"https:\/\/9430lacordaire.ca\/index.php\/location-dappartements\/#primaryimage\"},\"thumbnailUrl\":\"http:\/\/9430lacordaire.ca\/wp-content\/uploads\/2017\/06\/tag_appel-300x300.png\",\"datePublished\":\"2017-12-13T19:43:39+00:00\",\"dateModified\":\"2026-02-17T18:43:33+00:00\",\"description\":\"9430 Lacordaire - location d'appartements \u00e0 louer, 3 1\/2, 4 1\/2, pr\u00e8s de la Gare de Saint-L\u00e9onard - Montr\u00e9al - Nord, \u00e0 proximit\u00e9 de la garderie, IGA, gym\",\"breadcrumb\":{\"@id\":\"https:\/\/9430lacordaire.ca\/index.php\/location-dappartements\/#breadcrumb\"},\"inLanguage\":\"fr-CA\",\"potentialAction\":[{\"@type\":\"ReadAction\",\"target\":[\"https:\/\/9430lacordaire.ca\/index.php\/location-dappartements\/\"]}]},{\"@type\":\"ImageObject\",\"inLanguage\":\"fr-CA\",\"@id\":\"https:\/\/9430lacordaire.ca\/index.php\/location-dappartements\/#primaryimage\",\"url\":\"https:\/\/9430lacordaire.ca\/wp-content\/uploads\/2017\/06\/tag_appel.png\",\"contentUrl\":\"https:\/\/9430lacordaire.ca\/wp-content\/uploads\/2017\/06\/tag_appel.png\",\"width\":500,\"height\":500},{\"@type\":\"BreadcrumbList\",\"@id\":\"https:\/\/9430lacordaire.ca\/index.php\/location-dappartements\/#breadcrumb\",\"itemListElement\":[{\"@type\":\"ListItem\",\"position\":1,\"name\":\"Accueil\",\"item\":\"http:\/\/9430lacordaire.ca\/\"},{\"@type\":\"ListItem\",\"position\":2,\"name\":\"Appartements\"}]},{\"@type\":\"WebSite\",\"@id\":\"https:\/\/9430lacordaire.ca\/#website\",\"url\":\"https:\/\/9430lacordaire.ca\/\",\"name\":\"Faubourg Lacordaire\",\"description\":\"Appartements \u00e0 louer \/ Apartments for rent\",\"publisher\":{\"@id\":\"https:\/\/9430lacordaire.ca\/#organization\"},\"potentialAction\":[{\"@type\":\"SearchAction\",\"target\":{\"@type\":\"EntryPoint\",\"urlTemplate\":\"https:\/\/9430lacordaire.ca\/?s={search_term_string}\"},\"query-input\":{\"@type\":\"PropertyValueSpecification\",\"valueRequired\":true,\"valueName\":\"search_term_string\"}}],\"inLanguage\":\"fr-CA\"},{\"@type\":\"Organization\",\"@id\":\"https:\/\/9430lacordaire.ca\/#organization\",\"name\":\"Faubourg Lacordaire\",\"url\":\"https:\/\/9430lacordaire.ca\/\",\"logo\":{\"@type\":\"ImageObject\",\"inLanguage\":\"fr-CA\",\"@id\":\"https:\/\/9430lacordaire.ca\/#\/schema\/logo\/image\/\",\"url\":\"https:\/\/9430lacordaire.ca\/wp-content\/uploads\/2017\/06\/cropped-cropped-cropped-cropped-cropped-logo_lacordaire.png\",\"contentUrl\":\"https:\/\/9430lacordaire.ca\/wp-content\/uploads\/2017\/06\/cropped-cropped-cropped-cropped-cropped-logo_lacordaire.png\",\"width\":150,\"height\":60,\"caption\":\"Faubourg Lacordaire\"},\"image\":{\"@id\":\"https:\/\/9430lacordaire.ca\/#\/schema\/logo\/image\/\"},\"sameAs\":[\"https:\/\/www.facebook.com\/immomarketing.inc\/\"]}]}<\/script>\n<!-- \/ Yoast SEO plugin. -->","yoast_head_json":{"title":"Faubourg Lacordaire - location d'appartements \u00e0 louer \u00e0 Saint-L\u00e9onard","description":"9430 Lacordaire - location d'appartements \u00e0 louer, 3 1\/2, 4 1\/2, pr\u00e8s de la Gare de Saint-L\u00e9onard - Montr\u00e9al - Nord, \u00e0 proximit\u00e9 de la garderie, IGA, gym","robots":{"index":"index","follow":"follow","max-snippet":"max-snippet:-1","max-image-preview":"max-image-preview:large","max-video-preview":"max-video-preview:-1"},"canonical":"https:\/\/9430lacordaire.ca\/index.php\/location-dappartements\/","og_locale":"fr_CA","og_type":"article","og_title":"Faubourg Lacordaire - location d'appartements \u00e0 louer \u00e0 Saint-L\u00e9onard","og_description":"9430 Lacordaire - location d'appartements \u00e0 louer, 3 1\/2, 4 1\/2, pr\u00e8s de la Gare de Saint-L\u00e9onard - Montr\u00e9al - Nord, \u00e0 proximit\u00e9 de la garderie, IGA, gym","og_url":"https:\/\/9430lacordaire.ca\/index.php\/location-dappartements\/","og_site_name":"Faubourg Lacordaire","article_publisher":"https:\/\/www.facebook.com\/immomarketing.inc\/","article_modified_time":"2026-02-17T18:43:33+00:00","og_image":[{"url":"http:\/\/9430lacordaire.ca\/wp-content\/uploads\/2017\/06\/tag_appel-300x300.png","type":"","width":"","height":""}],"twitter_card":"summary_large_image","twitter_misc":{"Estimation du temps de lecture":"2 minutes"},"schema":{"@context":"https:\/\/schema.org","@graph":[{"@type":"WebPage","@id":"https:\/\/9430lacordaire.ca\/index.php\/location-dappartements\/","url":"https:\/\/9430lacordaire.ca\/index.php\/location-dappartements\/","name":"Faubourg Lacordaire - location d'appartements \u00e0 louer \u00e0 Saint-L\u00e9onard","isPartOf":{"@id":"https:\/\/9430lacordaire.ca\/#website"},"primaryImageOfPage":{"@id":"https:\/\/9430lacordaire.ca\/index.php\/location-dappartements\/#primaryimage"},"image":{"@id":"https:\/\/9430lacordaire.ca\/index.php\/location-dappartements\/#primaryimage"},"thumbnailUrl":"http:\/\/9430lacordaire.ca\/wp-content\/uploads\/2017\/06\/tag_appel-300x300.png","datePublished":"2017-12-13T19:43:39+00:00","dateModified":"2026-02-17T18:43:33+00:00","description":"9430 Lacordaire - location d'appartements \u00e0 louer, 3 1\/2, 4 1\/2, pr\u00e8s de la Gare de Saint-L\u00e9onard - Montr\u00e9al - Nord, \u00e0 proximit\u00e9 de la garderie, IGA, gym","breadcrumb":{"@id":"https:\/\/9430lacordaire.ca\/index.php\/location-dappartements\/#breadcrumb"},"inLanguage":"fr-CA","potentialAction":[{"@type":"ReadAction","target":["https:\/\/9430lacordaire.ca\/index.php\/location-dappartements\/"]}]},{"@type":"ImageObject","inLanguage":"fr-CA","@id":"https:\/\/9430lacordaire.ca\/index.php\/location-dappartements\/#primaryimage","url":"https:\/\/9430lacordaire.ca\/wp-content\/uploads\/2017\/06\/tag_appel.png","contentUrl":"https:\/\/9430lacordaire.ca\/wp-content\/uploads\/2017\/06\/tag_appel.png","width":500,"height":500},{"@type":"BreadcrumbList","@id":"https:\/\/9430lacordaire.ca\/index.php\/location-dappartements\/#breadcrumb","itemListElement":[{"@type":"ListItem","position":1,"name":"Accueil","item":"http:\/\/9430lacordaire.ca\/"},{"@type":"ListItem","position":2,"name":"Appartements"}]},{"@type":"WebSite","@id":"https:\/\/9430lacordaire.ca\/#website","url":"https:\/\/9430lacordaire.ca\/","name":"Faubourg Lacordaire","description":"Appartements \u00e0 louer \/ Apartments for rent","publisher":{"@id":"https:\/\/9430lacordaire.ca\/#organization"},"potentialAction":[{"@type":"SearchAction","target":{"@type":"EntryPoint","urlTemplate":"https:\/\/9430lacordaire.ca\/?s={search_term_string}"},"query-input":{"@type":"PropertyValueSpecification","valueRequired":true,"valueName":"search_term_string"}}],"inLanguage":"fr-CA"},{"@type":"Organization","@id":"https:\/\/9430lacordaire.ca\/#organization","name":"Faubourg Lacordaire","url":"https:\/\/9430lacordaire.ca\/","logo":{"@type":"ImageObject","inLanguage":"fr-CA","@id":"https:\/\/9430lacordaire.ca\/#\/schema\/logo\/image\/","url":"https:\/\/9430lacordaire.ca\/wp-content\/uploads\/2017\/06\/cropped-cropped-cropped-cropped-cropped-logo_lacordaire.png","contentUrl":"https:\/\/9430lacordaire.ca\/wp-content\/uploads\/2017\/06\/cropped-cropped-cropped-cropped-cropped-logo_lacordaire.png","width":150,"height":60,"caption":"Faubourg Lacordaire"},"image":{"@id":"https:\/\/9430lacordaire.ca\/#\/schema\/logo\/image\/"},"sameAs":["https:\/\/www.facebook.com\/immomarketing.inc\/"]}]}},"_links":{"self":[{"href":"https:\/\/9430lacordaire.ca\/index.php\/wp-json\/wp\/v2\/pages\/232","targetHints":{"allow":["GET"]}}],"collection":[{"href":"https:\/\/9430lacordaire.ca\/index.php\/wp-json\/wp\/v2\/pages"}],"about":[{"href":"https:\/\/9430lacordaire.ca\/index.php\/wp-json\/wp\/v2\/types\/page"}],"author":[{"embeddable":true,"href":"https:\/\/9430lacordaire.ca\/index.php\/wp-json\/wp\/v2\/users\/1"}],"replies":[{"embeddable":true,"href":"https:\/\/9430lacordaire.ca\/index.php\/wp-json\/wp\/v2\/comments?post=232"}],"version-history":[{"count":54,"href":"https:\/\/9430lacordaire.ca\/index.php\/wp-json\/wp\/v2\/pages\/232\/revisions"}],"predecessor-version":[{"id":1066,"href":"https:\/\/9430lacordaire.ca\/index.php\/wp-json\/wp\/v2\/pages\/232\/revisions\/1066"}],"wp:attachment":[{"href":"https:\/\/9430lacordaire.ca\/index.php\/wp-json\/wp\/v2\/media?parent=232"}],"curies":[{"name":"wp","href":"https:\/\/api.w.org\/{rel}","templated":true}]}}