{"id":95,"date":"2017-07-06T15:26:40","date_gmt":"2017-07-06T15:26:40","guid":{"rendered":"http:\/\/9430lacordaire.ca\/?page_id=95"},"modified":"2021-08-24T19:54:02","modified_gmt":"2021-08-24T19:54:02","slug":"contact","status":"publish","type":"page","link":"https:\/\/9430lacordaire.ca\/index.php\/contact\/","title":{"rendered":"Contact"},"content":{"rendered":"\n<div class=\"wpcf7 no-js\" id=\"wpcf7-f229-o1\" lang=\"fr-CA\" dir=\"ltr\" data-wpcf7-id=\"229\">\n<div class=\"screen-reader-response\"><p role=\"status\" aria-live=\"polite\" aria-atomic=\"true\"><\/p> <ul><\/ul><\/div>\n<form action=\"\/index.php\/wp-json\/wp\/v2\/pages\/95#wpcf7-f229-o1\" method=\"post\" class=\"wpcf7-form init\" aria-label=\"Contact form\" novalidate=\"novalidate\" data-status=\"init\">\n<div style=\"display: none;\">\n<input type=\"hidden\" name=\"_wpcf7\" value=\"229\" \/>\n<input type=\"hidden\" name=\"_wpcf7_version\" value=\"6.0.3\" \/>\n<input type=\"hidden\" name=\"_wpcf7_locale\" value=\"fr_CA\" \/>\n<input type=\"hidden\" name=\"_wpcf7_unit_tag\" value=\"wpcf7-f229-o1\" \/>\n<input type=\"hidden\" name=\"_wpcf7_container_post\" value=\"0\" \/>\n<input type=\"hidden\" name=\"_wpcf7_posted_data_hash\" value=\"\" \/>\n<input type=\"hidden\" name=\"_wpcf7_recaptcha_response\" value=\"\" \/>\n<\/div>\n<p><label> Votre Nom (requis)<br \/>\n<span class=\"wpcf7-form-control-wrap\" data-name=\"your-name\"><input size=\"40\" maxlength=\"400\" class=\"wpcf7-form-control wpcf7-text wpcf7-validates-as-required\" aria-required=\"true\" aria-invalid=\"false\" value=\"\" type=\"text\" name=\"your-name\" \/><\/span> <\/label>\n<\/p>\n<p><label> Votre adresse courriel (requis)<br \/>\n<span class=\"wpcf7-form-control-wrap\" data-name=\"your-email\"><input size=\"40\" maxlength=\"400\" class=\"wpcf7-form-control wpcf7-email wpcf7-validates-as-required wpcf7-text wpcf7-validates-as-email\" aria-required=\"true\" aria-invalid=\"false\" value=\"\" type=\"email\" name=\"your-email\" \/><\/span> <\/label>\n<\/p>\n<p><label> Sujet<br \/>\n<span class=\"wpcf7-form-control-wrap\" data-name=\"your-subject\"><input size=\"40\" maxlength=\"400\" class=\"wpcf7-form-control wpcf7-text\" aria-invalid=\"false\" value=\"\" type=\"text\" name=\"your-subject\" \/><\/span> <\/label>\n<\/p>\n<p><label> Votre Message<br \/>\n<span class=\"wpcf7-form-control-wrap\" data-name=\"your-message\"><textarea cols=\"40\" rows=\"10\" maxlength=\"2000\" class=\"wpcf7-form-control wpcf7-textarea\" aria-invalid=\"false\" name=\"your-message\"><\/textarea><\/span> <\/label>\n<\/p>\n<p><input class=\"wpcf7-form-control wpcf7-submit has-spinner\" type=\"submit\" value=\"Envoyer\" \/>\n<\/p><div class=\"wpcf7-response-output\" aria-hidden=\"true\"><\/div>\n<\/form>\n<\/div>\n\n<h1>Bureau de location &#8211; Sur rendez-vous<\/h1>\n<div class=\"vk_sh vk_bk\">9430, boulevard Lacordaire<br \/>\nMontr\u00e9al, QC H1R 0C4<\/div>\n<div class=\"vk_sh vk_bk\">T\u00e9l\u00e9phone : <a href=\"http:\/\/5143249430\">514 324-9430<\/a><\/div>\n<p><iframe style=\"border: 0;\" src=\"https:\/\/www.google.com\/maps\/embed?pb=!1m18!1m12!1m3!1d2791.5546206609397!2d-73.61474958443797!3d45.599497379102694!2m3!1f0!2f0!3f0!3m2!1i1024!2i768!4f13.1!3m3!1m2!1s0x4cc91f07803de81d%3A0x79ac26f853ed1ba8!2s9430+Boulevard+Lacordaire%2C+Saint-L%C3%A9onard%2C+QC+H1R+3N3!5e0!3m2!1sfr!2sca!4v1564072133308!5m2!1sfr!2sca\" width=\"1290\" height=\"250\" frameborder=\"0\" allowfullscreen=\"allowfullscreen\"><\/iframe><\/p>\n","protected":false},"excerpt":{"rendered":"<p>Bureau de location &#8211; Sur rendez-vous 9430, boulevard Lacordaire Montr\u00e9al, QC H1R 0C4 T\u00e9l\u00e9phone : 514 324-9430<\/p>\n","protected":false},"author":1,"featured_media":0,"parent":0,"menu_order":0,"comment_status":"closed","ping_status":"closed","template":"","meta":{"_exactmetrics_skip_tracking":false,"_exactmetrics_sitenote_active":false,"_exactmetrics_sitenote_note":"","_exactmetrics_sitenote_category":0,"site-sidebar-layout":"default","site-content-layout":"","ast-site-content-layout":"default","site-content-style":"default","site-sidebar-style":"default","ast-global-header-display":"","ast-banner-title-visibility":"","ast-main-header-display":"","ast-hfb-above-header-display":"","ast-hfb-below-header-display":"","ast-hfb-mobile-header-display":"","site-post-title":"","ast-breadcrumbs-content":"","ast-featured-img":"","footer-sml-layout":"","ast-disable-related-posts":"","theme-transparent-header-meta":"","adv-header-id-meta":"","stick-header-meta":"","header-above-stick-meta":"","header-main-stick-meta":"","header-below-stick-meta":"","astra-migrate-meta-layouts":"default","ast-page-background-enabled":"default","ast-page-background-meta":{"desktop":{"background-color":"var(--ast-global-color-4)","background-image":"","background-repeat":"repeat","background-position":"center center","background-size":"auto","background-attachment":"scroll","background-type":"","background-media":"","overlay-type":"","overlay-color":"","overlay-opacity":"","overlay-gradient":""},"tablet":{"background-color":"","background-image":"","background-repeat":"repeat","background-position":"center center","background-size":"auto","background-attachment":"scroll","background-type":"","background-media":"","overlay-type":"","overlay-color":"","overlay-opacity":"","overlay-gradient":""},"mobile":{"background-color":"","background-image":"","background-repeat":"repeat","background-position":"center center","background-size":"auto","background-attachment":"scroll","background-type":"","background-media":"","overlay-type":"","overlay-color":"","overlay-opacity":"","overlay-gradient":""}},"ast-content-background-meta":{"desktop":{"background-color":"var(--ast-global-color-5)","background-image":"","background-repeat":"repeat","background-position":"center center","background-size":"auto","background-attachment":"scroll","background-type":"","background-media":"","overlay-type":"","overlay-color":"","overlay-opacity":"","overlay-gradient":""},"tablet":{"background-color":"var(--ast-global-color-5)","background-image":"","background-repeat":"repeat","background-position":"center center","background-size":"auto","background-attachment":"scroll","background-type":"","background-media":"","overlay-type":"","overlay-color":"","overlay-opacity":"","overlay-gradient":""},"mobile":{"background-color":"var(--ast-global-color-5)","background-image":"","background-repeat":"repeat","background-position":"center center","background-size":"auto","background-attachment":"scroll","background-type":"","background-media":"","overlay-type":"","overlay-color":"","overlay-opacity":"","overlay-gradient":""}},"footnotes":""},"class_list":["post-95","page","type-page","status-publish","hentry"],"yoast_head":"<!-- This site is optimized with the Yoast SEO plugin v24.3 - https:\/\/yoast.com\/wordpress\/plugins\/seo\/ -->\n<title>Contact Faubourg Lacordaire - appartements \u00e0 louer \u00e0 Saint-L\u00e9onard<\/title>\n<meta name=\"description\" content=\"Contact 9430 Lacordaire - appartements \u00e0 louer, 3 1\/2, 4 1\/2, pr\u00e8s de la Gare de Saint-L\u00e9onard - Montr\u00e9al - Nord, \u00e0 proximit\u00e9 de la garderie, IGA, gym\" \/>\n<meta name=\"robots\" content=\"index, follow, max-snippet:-1, max-image-preview:large, max-video-preview:-1\" \/>\n<link rel=\"canonical\" href=\"https:\/\/9430lacordaire.ca\/index.php\/contact\/\" \/>\n<meta property=\"og:locale\" content=\"fr_CA\" \/>\n<meta property=\"og:type\" content=\"article\" \/>\n<meta property=\"og:title\" content=\"Contact Faubourg Lacordaire - appartements \u00e0 louer \u00e0 Saint-L\u00e9onard\" \/>\n<meta property=\"og:description\" content=\"Contact 9430 Lacordaire - appartements \u00e0 louer, 3 1\/2, 4 1\/2, pr\u00e8s de la Gare de Saint-L\u00e9onard - Montr\u00e9al - Nord, \u00e0 proximit\u00e9 de la garderie, IGA, gym\" \/>\n<meta property=\"og:url\" content=\"https:\/\/9430lacordaire.ca\/index.php\/contact\/\" \/>\n<meta property=\"og:site_name\" content=\"Faubourg Lacordaire\" \/>\n<meta property=\"article:publisher\" content=\"https:\/\/www.facebook.com\/immomarketing.inc\/\" \/>\n<meta property=\"article:modified_time\" content=\"2021-08-24T19:54:02+00:00\" \/>\n<meta name=\"twitter:card\" content=\"summary_large_image\" \/>\n<script type=\"application\/ld+json\" class=\"yoast-schema-graph\">{\"@context\":\"https:\/\/schema.org\",\"@graph\":[{\"@type\":\"WebPage\",\"@id\":\"https:\/\/9430lacordaire.ca\/index.php\/contact\/\",\"url\":\"https:\/\/9430lacordaire.ca\/index.php\/contact\/\",\"name\":\"Contact Faubourg Lacordaire - appartements \u00e0 louer \u00e0 Saint-L\u00e9onard\",\"isPartOf\":{\"@id\":\"https:\/\/9430lacordaire.ca\/#website\"},\"datePublished\":\"2017-07-06T15:26:40+00:00\",\"dateModified\":\"2021-08-24T19:54:02+00:00\",\"description\":\"Contact 9430 Lacordaire - appartements \u00e0 louer, 3 1\/2, 4 1\/2, pr\u00e8s de la Gare de Saint-L\u00e9onard - Montr\u00e9al - Nord, \u00e0 proximit\u00e9 de la garderie, IGA, gym\",\"breadcrumb\":{\"@id\":\"https:\/\/9430lacordaire.ca\/index.php\/contact\/#breadcrumb\"},\"inLanguage\":\"fr-CA\",\"potentialAction\":[{\"@type\":\"ReadAction\",\"target\":[\"https:\/\/9430lacordaire.ca\/index.php\/contact\/\"]}]},{\"@type\":\"BreadcrumbList\",\"@id\":\"https:\/\/9430lacordaire.ca\/index.php\/contact\/#breadcrumb\",\"itemListElement\":[{\"@type\":\"ListItem\",\"position\":1,\"name\":\"Accueil\",\"item\":\"http:\/\/9430lacordaire.ca\/\"},{\"@type\":\"ListItem\",\"position\":2,\"name\":\"Contact\"}]},{\"@type\":\"WebSite\",\"@id\":\"https:\/\/9430lacordaire.ca\/#website\",\"url\":\"https:\/\/9430lacordaire.ca\/\",\"name\":\"Faubourg Lacordaire\",\"description\":\"Appartements \u00e0 louer \/ Apartments for rent\",\"publisher\":{\"@id\":\"https:\/\/9430lacordaire.ca\/#organization\"},\"potentialAction\":[{\"@type\":\"SearchAction\",\"target\":{\"@type\":\"EntryPoint\",\"urlTemplate\":\"https:\/\/9430lacordaire.ca\/?s={search_term_string}\"},\"query-input\":{\"@type\":\"PropertyValueSpecification\",\"valueRequired\":true,\"valueName\":\"search_term_string\"}}],\"inLanguage\":\"fr-CA\"},{\"@type\":\"Organization\",\"@id\":\"https:\/\/9430lacordaire.ca\/#organization\",\"name\":\"Faubourg Lacordaire\",\"url\":\"https:\/\/9430lacordaire.ca\/\",\"logo\":{\"@type\":\"ImageObject\",\"inLanguage\":\"fr-CA\",\"@id\":\"https:\/\/9430lacordaire.ca\/#\/schema\/logo\/image\/\",\"url\":\"https:\/\/9430lacordaire.ca\/wp-content\/uploads\/2017\/06\/cropped-cropped-cropped-cropped-cropped-logo_lacordaire.png\",\"contentUrl\":\"https:\/\/9430lacordaire.ca\/wp-content\/uploads\/2017\/06\/cropped-cropped-cropped-cropped-cropped-logo_lacordaire.png\",\"width\":150,\"height\":60,\"caption\":\"Faubourg Lacordaire\"},\"image\":{\"@id\":\"https:\/\/9430lacordaire.ca\/#\/schema\/logo\/image\/\"},\"sameAs\":[\"https:\/\/www.facebook.com\/immomarketing.inc\/\"]}]}<\/script>\n<!-- \/ Yoast SEO plugin. -->","yoast_head_json":{"title":"Contact Faubourg Lacordaire - appartements \u00e0 louer \u00e0 Saint-L\u00e9onard","description":"Contact 9430 Lacordaire - appartements \u00e0 louer, 3 1\/2, 4 1\/2, pr\u00e8s de la Gare de Saint-L\u00e9onard - Montr\u00e9al - Nord, \u00e0 proximit\u00e9 de la garderie, IGA, gym","robots":{"index":"index","follow":"follow","max-snippet":"max-snippet:-1","max-image-preview":"max-image-preview:large","max-video-preview":"max-video-preview:-1"},"canonical":"https:\/\/9430lacordaire.ca\/index.php\/contact\/","og_locale":"fr_CA","og_type":"article","og_title":"Contact Faubourg Lacordaire - appartements \u00e0 louer \u00e0 Saint-L\u00e9onard","og_description":"Contact 9430 Lacordaire - appartements \u00e0 louer, 3 1\/2, 4 1\/2, pr\u00e8s de la Gare de Saint-L\u00e9onard - Montr\u00e9al - Nord, \u00e0 proximit\u00e9 de la garderie, IGA, gym","og_url":"https:\/\/9430lacordaire.ca\/index.php\/contact\/","og_site_name":"Faubourg Lacordaire","article_publisher":"https:\/\/www.facebook.com\/immomarketing.inc\/","article_modified_time":"2021-08-24T19:54:02+00:00","twitter_card":"summary_large_image","schema":{"@context":"https:\/\/schema.org","@graph":[{"@type":"WebPage","@id":"https:\/\/9430lacordaire.ca\/index.php\/contact\/","url":"https:\/\/9430lacordaire.ca\/index.php\/contact\/","name":"Contact Faubourg Lacordaire - appartements \u00e0 louer \u00e0 Saint-L\u00e9onard","isPartOf":{"@id":"https:\/\/9430lacordaire.ca\/#website"},"datePublished":"2017-07-06T15:26:40+00:00","dateModified":"2021-08-24T19:54:02+00:00","description":"Contact 9430 Lacordaire - appartements \u00e0 louer, 3 1\/2, 4 1\/2, pr\u00e8s de la Gare de Saint-L\u00e9onard - Montr\u00e9al - Nord, \u00e0 proximit\u00e9 de la garderie, IGA, gym","breadcrumb":{"@id":"https:\/\/9430lacordaire.ca\/index.php\/contact\/#breadcrumb"},"inLanguage":"fr-CA","potentialAction":[{"@type":"ReadAction","target":["https:\/\/9430lacordaire.ca\/index.php\/contact\/"]}]},{"@type":"BreadcrumbList","@id":"https:\/\/9430lacordaire.ca\/index.php\/contact\/#breadcrumb","itemListElement":[{"@type":"ListItem","position":1,"name":"Accueil","item":"http:\/\/9430lacordaire.ca\/"},{"@type":"ListItem","position":2,"name":"Contact"}]},{"@type":"WebSite","@id":"https:\/\/9430lacordaire.ca\/#website","url":"https:\/\/9430lacordaire.ca\/","name":"Faubourg Lacordaire","description":"Appartements \u00e0 louer \/ Apartments for rent","publisher":{"@id":"https:\/\/9430lacordaire.ca\/#organization"},"potentialAction":[{"@type":"SearchAction","target":{"@type":"EntryPoint","urlTemplate":"https:\/\/9430lacordaire.ca\/?s={search_term_string}"},"query-input":{"@type":"PropertyValueSpecification","valueRequired":true,"valueName":"search_term_string"}}],"inLanguage":"fr-CA"},{"@type":"Organization","@id":"https:\/\/9430lacordaire.ca\/#organization","name":"Faubourg Lacordaire","url":"https:\/\/9430lacordaire.ca\/","logo":{"@type":"ImageObject","inLanguage":"fr-CA","@id":"https:\/\/9430lacordaire.ca\/#\/schema\/logo\/image\/","url":"https:\/\/9430lacordaire.ca\/wp-content\/uploads\/2017\/06\/cropped-cropped-cropped-cropped-cropped-logo_lacordaire.png","contentUrl":"https:\/\/9430lacordaire.ca\/wp-content\/uploads\/2017\/06\/cropped-cropped-cropped-cropped-cropped-logo_lacordaire.png","width":150,"height":60,"caption":"Faubourg Lacordaire"},"image":{"@id":"https:\/\/9430lacordaire.ca\/#\/schema\/logo\/image\/"},"sameAs":["https:\/\/www.facebook.com\/immomarketing.inc\/"]}]}},"_links":{"self":[{"href":"https:\/\/9430lacordaire.ca\/index.php\/wp-json\/wp\/v2\/pages\/95","targetHints":{"allow":["GET"]}}],"collection":[{"href":"https:\/\/9430lacordaire.ca\/index.php\/wp-json\/wp\/v2\/pages"}],"about":[{"href":"https:\/\/9430lacordaire.ca\/index.php\/wp-json\/wp\/v2\/types\/page"}],"author":[{"embeddable":true,"href":"https:\/\/9430lacordaire.ca\/index.php\/wp-json\/wp\/v2\/users\/1"}],"replies":[{"embeddable":true,"href":"https:\/\/9430lacordaire.ca\/index.php\/wp-json\/wp\/v2\/comments?post=95"}],"version-history":[{"count":30,"href":"https:\/\/9430lacordaire.ca\/index.php\/wp-json\/wp\/v2\/pages\/95\/revisions"}],"predecessor-version":[{"id":708,"href":"https:\/\/9430lacordaire.ca\/index.php\/wp-json\/wp\/v2\/pages\/95\/revisions\/708"}],"wp:attachment":[{"href":"https:\/\/9430lacordaire.ca\/index.php\/wp-json\/wp\/v2\/media?parent=95"}],"curies":[{"name":"wp","href":"https:\/\/api.w.org\/{rel}","templated":true}]}}